{"id":902,"date":"2021-03-28T00:01:00","date_gmt":"2021-03-27T23:01:00","guid":{"rendered":"https:\/\/adrianmayr.ch\/?page_id=902"},"modified":"2021-03-28T17:35:33","modified_gmt":"2021-03-28T16:35:33","slug":"28-maerz","status":"publish","type":"page","link":"https:\/\/adrianmayr.ch\/?page_id=902","title":{"rendered":"28. M\u00e4rz &#8211; Tag der Entscheidung"},"content":{"rendered":"\n<p>Liebe Freunde und Bekannte<\/p>\n\n\n\n<p>Das Ergebnis des ersten Wahlgangs f\u00fcr die Gemeinderatswahlen ist da. Wie zu erwarten war aufgrund der vier Kandidaten, gibt es einen zweiten Wahlgang. Ich freue mich extrem \u00fcber mein sehr gutes Resultat, das ich nicht zuletzt dank eurer tollen Unterst\u00fctzung erzielt habe. Das gibt mir noch mehr Motivation um mit viel R\u00fcckenwind in den zweiten Wahlgang zu starten.<\/p>\n\n\n\n<p>Ich werde auf jeden Fall zum zweiten Wahlgang antreten und mit diversen Aktionen &#8211; getreu dem Motto &#8222;Taten statt Worte&#8220; &#8211; versuchen, diejenigen W\u00e4hlerinnen und W\u00e4hler von mir zu \u00fcberzeugen, welche meinen Namen heute noch nicht auf den Wahlzettel geschrieben haben, so dass es am 13. Juni reicht f\u00fcr die Wahl zum Gemeinderat.<\/p>\n\n\n\n<figure class=\"wp-block-image size-large\"><img loading=\"lazy\" decoding=\"async\" width=\"700\" height=\"760\" src=\"https:\/\/adrianmayr.ch\/wordpress\/wp-content\/uploads\/2021\/03\/protokoll.jpg\" alt=\"\" class=\"wp-image-1190\" srcset=\"https:\/\/adrianmayr.ch\/wordpress\/wp-content\/uploads\/2021\/03\/protokoll.jpg 700w, https:\/\/adrianmayr.ch\/wordpress\/wp-content\/uploads\/2021\/03\/protokoll-276x300.jpg 276w\" sizes=\"auto, (max-width: 700px) 100vw, 700px\" \/><\/figure>\n","protected":false},"excerpt":{"rendered":"<p>Liebe Freunde und Bekannte Das Ergebnis des ersten Wahlgangs f\u00fcr die Gemeinderatswahlen ist da. Wie zu erwarten war aufgrund der vier Kandidaten, gibt es einen zweiten Wahlgang. Ich freue mich extrem \u00fcber mein sehr gutes Resultat, das ich nicht zuletzt dank eurer tollen Unterst\u00fctzung erzielt habe. Das gibt mir noch mehr Motivation um mit viel [&hellip;]<\/p>\n","protected":false},"author":1,"featured_media":0,"parent":0,"menu_order":0,"comment_status":"closed","ping_status":"closed","template":"","meta":{"footnotes":""},"class_list":["post-902","page","type-page","status-publish","hentry"],"_links":{"self":[{"href":"https:\/\/adrianmayr.ch\/index.php?rest_route=\/wp\/v2\/pages\/902","targetHints":{"allow":["GET"]}}],"collection":[{"href":"https:\/\/adrianmayr.ch\/index.php?rest_route=\/wp\/v2\/pages"}],"about":[{"href":"https:\/\/adrianmayr.ch\/index.php?rest_route=\/wp\/v2\/types\/page"}],"author":[{"embeddable":true,"href":"https:\/\/adrianmayr.ch\/index.php?rest_route=\/wp\/v2\/users\/1"}],"replies":[{"embeddable":true,"href":"https:\/\/adrianmayr.ch\/index.php?rest_route=%2Fwp%2Fv2%2Fcomments&post=902"}],"version-history":[{"count":5,"href":"https:\/\/adrianmayr.ch\/index.php?rest_route=\/wp\/v2\/pages\/902\/revisions"}],"predecessor-version":[{"id":1193,"href":"https:\/\/adrianmayr.ch\/index.php?rest_route=\/wp\/v2\/pages\/902\/revisions\/1193"}],"wp:attachment":[{"href":"https:\/\/adrianmayr.ch\/index.php?rest_route=%2Fwp%2Fv2%2Fmedia&parent=902"}],"curies":[{"name":"wp","href":"https:\/\/api.w.org\/{rel}","templated":true}]}}