{"id":900,"date":"2021-03-27T00:01:00","date_gmt":"2021-03-26T23:01:00","guid":{"rendered":"https:\/\/adrianmayr.ch\/?page_id=900"},"modified":"2021-03-26T20:36:59","modified_gmt":"2021-03-26T19:36:59","slug":"27-maerz","status":"publish","type":"page","link":"https:\/\/adrianmayr.ch\/?page_id=900","title":{"rendered":"27. M\u00e4rz &#8211; Spreitenbach: ein lebenswerter Ort f\u00fcr Jugendliche und Senioren!"},"content":{"rendered":"\n<p>Vor einigen Tagen habe ich versucht, mittels einer Umfrage die Bed\u00fcrfnisse der Jugendlichen abzuholen. Bis anhin ist der R\u00fccklauf mit 5 Teilnehmern bescheiden\u2026 hier die bisherigen Ergebnisse. Ich bleibe dran&#8230;.<\/p>\n\n\n\n<figure class=\"wp-block-image size-large\"><img loading=\"lazy\" decoding=\"async\" width=\"569\" height=\"847\" src=\"https:\/\/adrianmayr.ch\/wordpress\/wp-content\/uploads\/2021\/03\/Umfrage.jpg\" alt=\"\" class=\"wp-image-1182\" srcset=\"https:\/\/adrianmayr.ch\/wordpress\/wp-content\/uploads\/2021\/03\/Umfrage.jpg 569w, https:\/\/adrianmayr.ch\/wordpress\/wp-content\/uploads\/2021\/03\/Umfrage-202x300.jpg 202w\" sizes=\"auto, (max-width: 569px) 100vw, 569px\" \/><\/figure>\n\n\n\n<p>Es gibt aber in Spreitenbach nicht nur die Bed\u00fcrfnisse der Jugendlichen zu ber\u00fccksichtigen. Wir haben auch eine grosse Anzahl \u00e4lterer Einwohner, welche sich in Spreitenbach ebenfalls wohl f\u00fchlen sollen. Durch die T\u00e4tigkeit meiner Frau in der Spitex bekomme ich immer wieder mit, dass die Gefahr der Vereinsamung bei \u00e4lteren Personen sehr gross ist und sie im Alltag mit vielerlei H\u00fcrden zu k\u00e4mpfen haben, welche eine Teilnahme am Leben erschweren. Dies passt nicht zu meinem mehrfach wiederholten Credo &#8222;In Spreitenbach sollen die Menschen miteinander statt nebeneinander leben&#8220;. Deshalb: wie l\u00e4sst sich das Leben in Spreitenbach vor allem f\u00fcr die nicht mehr so mobilen \u00e4lteren Einwohner verbessern?<\/p>\n\n\n\n<p>Einige Gedanken dazu: sind die \u00f6ffentlichen Einrichtungen in der Gemeinde konsequent rollstuhlgerecht und auf mobilit\u00e4tseingeschr\u00e4nkte Personen ausgelegt? Welche Angebote gibt es in Spreitenbach wo sich Senioren in einem f\u00fcr sie passenden Umfeld treffen k\u00f6nnen? Wo k\u00f6nnen sich j\u00fcngere und \u00e4ltere Semester treffen und begegnen, so dass gegenseitiges Verst\u00e4ndnis geweckt wird und nicht jeder in &#8222;seiner Blase&#8220; lebt?<\/p>\n\n\n\n<p>Ich habe keine pfannenfertigen Ideen und L\u00f6sungen in der Schublade, aber wie bei den Jugendlichen w\u00e4re es mir als Gemeinderat auch bei den Senioren ein Anliegen, den Bev\u00f6lkerungsgruppen ohne starke Lobby eine Stimme zu verleihen.<\/p>\n\n\n\n<p>Falls das f\u00fcr Sie vern\u00fcnftig t\u00f6nt: Sie k\u00f6nnen Ihre Stimme immer noch abgeben: entweder heute direkt im Briefkasten des Gemeindehauses oder Morgen Sonntag an der Urne.<\/p>\n\n\n\n<p>So, der Countdown l\u00e4uft\u2026 morgen wissen wir mehr, ob sich mein Engagement auch in Stimmen niedergeschlagen hat. Allen, die meinen Namen auf den Wahlzettel geschrieben haben, danke ich an dieser Stelle schon mal f\u00fcr das Vertrauen.<\/p>\n","protected":false},"excerpt":{"rendered":"<p>Vor einigen Tagen habe ich versucht, mittels einer Umfrage die Bed\u00fcrfnisse der Jugendlichen abzuholen. Bis anhin ist der R\u00fccklauf mit 5 Teilnehmern bescheiden\u2026 hier die bisherigen Ergebnisse. Ich bleibe dran&#8230;. Es gibt aber in Spreitenbach nicht nur die Bed\u00fcrfnisse der Jugendlichen zu ber\u00fccksichtigen. Wir haben auch eine grosse Anzahl \u00e4lterer Einwohner, welche sich in Spreitenbach [&hellip;]<\/p>\n","protected":false},"author":1,"featured_media":0,"parent":0,"menu_order":0,"comment_status":"open","ping_status":"closed","template":"","meta":{"footnotes":""},"class_list":["post-900","page","type-page","status-publish","hentry"],"_links":{"self":[{"href":"https:\/\/adrianmayr.ch\/index.php?rest_route=\/wp\/v2\/pages\/900","targetHints":{"allow":["GET"]}}],"collection":[{"href":"https:\/\/adrianmayr.ch\/index.php?rest_route=\/wp\/v2\/pages"}],"about":[{"href":"https:\/\/adrianmayr.ch\/index.php?rest_route=\/wp\/v2\/types\/page"}],"author":[{"embeddable":true,"href":"https:\/\/adrianmayr.ch\/index.php?rest_route=\/wp\/v2\/users\/1"}],"replies":[{"embeddable":true,"href":"https:\/\/adrianmayr.ch\/index.php?rest_route=%2Fwp%2Fv2%2Fcomments&post=900"}],"version-history":[{"count":3,"href":"https:\/\/adrianmayr.ch\/index.php?rest_route=\/wp\/v2\/pages\/900\/revisions"}],"predecessor-version":[{"id":1185,"href":"https:\/\/adrianmayr.ch\/index.php?rest_route=\/wp\/v2\/pages\/900\/revisions\/1185"}],"wp:attachment":[{"href":"https:\/\/adrianmayr.ch\/index.php?rest_route=%2Fwp%2Fv2%2Fmedia&parent=900"}],"curies":[{"name":"wp","href":"https:\/\/api.w.org\/{rel}","templated":true}]}}