{"id":896,"date":"2021-03-25T00:01:00","date_gmt":"2021-03-24T23:01:00","guid":{"rendered":"https:\/\/adrianmayr.ch\/?page_id=896"},"modified":"2021-03-25T08:10:40","modified_gmt":"2021-03-25T07:10:40","slug":"25-maerz","status":"publish","type":"page","link":"https:\/\/adrianmayr.ch\/?page_id=896","title":{"rendered":"25. M\u00e4rz &#8211; Jede Stimme z\u00e4hlt!"},"content":{"rendered":"\n<p class=\"has-medium-font-size\">Haben Sie schon gew\u00e4hlt? Wenn nicht, ist jetzt ein guter Moment daf\u00fcr! Und sprechen Sie doch auch Leute aus Ihrem Umfeld an, damit sie ihre Stimme auch abgeben. <\/p>\n\n\n\n<p>Bitte beachten Sie, dass jetzt nur noch die briefliche Stimmabgabe direkt in den Briefkasten des Gemeindehauses oder am Sonntag Morgen an der Urne m\u00f6glich ist &#8211; der Weg \u00fcber die Post ist nicht mehr m\u00f6glich.<\/p>\n\n\n\n<figure class=\"wp-block-image size-large\"><img loading=\"lazy\" decoding=\"async\" width=\"639\" height=\"585\" src=\"https:\/\/adrianmayr.ch\/wordpress\/wp-content\/uploads\/2021\/03\/Post_25-3-21.jpg\" alt=\"\" class=\"wp-image-1174\" srcset=\"https:\/\/adrianmayr.ch\/wordpress\/wp-content\/uploads\/2021\/03\/Post_25-3-21.jpg 639w, https:\/\/adrianmayr.ch\/wordpress\/wp-content\/uploads\/2021\/03\/Post_25-3-21-300x275.jpg 300w\" sizes=\"auto, (max-width: 639px) 100vw, 639px\" \/><\/figure>\n","protected":false},"excerpt":{"rendered":"<p>Haben Sie schon gew\u00e4hlt? Wenn nicht, ist jetzt ein guter Moment daf\u00fcr! Und sprechen Sie doch auch Leute aus Ihrem Umfeld an, damit sie ihre Stimme auch abgeben. Bitte beachten Sie, dass jetzt nur noch die briefliche Stimmabgabe direkt in den Briefkasten des Gemeindehauses oder am Sonntag Morgen an der Urne m\u00f6glich ist &#8211; der [&hellip;]<\/p>\n","protected":false},"author":1,"featured_media":0,"parent":0,"menu_order":0,"comment_status":"closed","ping_status":"closed","template":"","meta":{"footnotes":""},"class_list":["post-896","page","type-page","status-publish","hentry"],"_links":{"self":[{"href":"https:\/\/adrianmayr.ch\/index.php?rest_route=\/wp\/v2\/pages\/896","targetHints":{"allow":["GET"]}}],"collection":[{"href":"https:\/\/adrianmayr.ch\/index.php?rest_route=\/wp\/v2\/pages"}],"about":[{"href":"https:\/\/adrianmayr.ch\/index.php?rest_route=\/wp\/v2\/types\/page"}],"author":[{"embeddable":true,"href":"https:\/\/adrianmayr.ch\/index.php?rest_route=\/wp\/v2\/users\/1"}],"replies":[{"embeddable":true,"href":"https:\/\/adrianmayr.ch\/index.php?rest_route=%2Fwp%2Fv2%2Fcomments&post=896"}],"version-history":[{"count":2,"href":"https:\/\/adrianmayr.ch\/index.php?rest_route=\/wp\/v2\/pages\/896\/revisions"}],"predecessor-version":[{"id":1175,"href":"https:\/\/adrianmayr.ch\/index.php?rest_route=\/wp\/v2\/pages\/896\/revisions\/1175"}],"wp:attachment":[{"href":"https:\/\/adrianmayr.ch\/index.php?rest_route=%2Fwp%2Fv2%2Fmedia&parent=896"}],"curies":[{"name":"wp","href":"https:\/\/api.w.org\/{rel}","templated":true}]}}