{"id":892,"date":"2021-03-24T00:01:00","date_gmt":"2021-03-23T23:01:00","guid":{"rendered":"https:\/\/adrianmayr.ch\/?page_id=892"},"modified":"2021-03-24T07:56:07","modified_gmt":"2021-03-24T06:56:07","slug":"24-maerz","status":"publish","type":"page","link":"https:\/\/adrianmayr.ch\/?page_id=892","title":{"rendered":"24. M\u00e4rz &#8211; Wer steht hinter mir?"},"content":{"rendered":"\n<p>Eine Kandidatur und ein Wahlkampf braucht eine gewisse Organisation und Unterst\u00fctzung im Hintergrund. Bei parteigebundenen Kandidaten ist es relativ einfach: sie k\u00f6nnen auf Strukturen und Support der Partei zur\u00fcckgreifen, welche helfen, einen professionell gef\u00fchrten Wahlkampf durchzuf\u00fchren und die passenden Marketing-Materialien zur Verf\u00fcgung zu stellen (so nehme ich jedenfalls an).<\/p>\n\n\n\n<p>Aber wer steckt bei mir im Hintergrund? Dies m\u00f6chte ich hier gerne kurz aufzeigen, um meinem Anspruch nach Transparenz gerecht zu werden. Ich habe mich im Vorfeld und w\u00e4hrend des Wahlkampfes mit einigen mir bekannten Personen aus dem Dorf immer wieder ausgetauscht und Ideen und Gedanken reflektiert. Eine wichtige Sparring-Partnerin ist nat\u00fcrlich immer wieder meine Frau. <\/p>\n\n\n\n<p>Zu den w\u00e4hrend der Kampagne verwendeten Materialien:<\/p>\n\n\n\n<ul class=\"wp-block-list\"><li><strong>Webseite<\/strong>: diese wurde komplett von mir selber konzipiert und erstellt (f\u00fcr diejenigen die es interessiert: auf Basis &#8222;WordPress&#8220;).<\/li><li><strong>Plakat<\/strong>: auch das Plakat habe ich selber designt und in Auftrag gegeben.<\/li><li><strong>Flyer<\/strong>: ist ja im Wesentlichen dasselbe Sujet wie auf dem Plakat. Um die Kosten im Rahmen zu halten und weil es auch Spass gemacht hat, haben wir die Flyer selber in der ganzen Gemeinde verteilt, dies unter tatkr\u00e4ftiger Mithilfe meiner Familie.<\/li><li><strong>Inserat Limmatwelle<\/strong>: selber gestaltet. <\/li><li><strong>Kosten<\/strong>: Alle Kosten f\u00fcr die Kampagne sind vollumf\u00e4nglich von mir privat bezahlt worden.<\/li><\/ul>\n\n\n\n<p>Sie sehen: es ist eine ziemliche Self-Made-Kampagne &#8211; auch verbunden mit dem Ziel, einige meiner Kompetenzen zu demonstrieren. Ich hoffe, dass diese Kampagne trotzdem &#8211; oder gerade deswegen &#8211; ihre Wirkung entfaltet hat&#8230; wir werden es am kommenden Sonntag wissen. <\/p>\n\n\n\n<p>Ich w\u00fcnsche Ihnen einen sch\u00f6nen Tag!<\/p>\n","protected":false},"excerpt":{"rendered":"<p>Eine Kandidatur und ein Wahlkampf braucht eine gewisse Organisation und Unterst\u00fctzung im Hintergrund. Bei parteigebundenen Kandidaten ist es relativ einfach: sie k\u00f6nnen auf Strukturen und Support der Partei zur\u00fcckgreifen, welche helfen, einen professionell gef\u00fchrten Wahlkampf durchzuf\u00fchren und die passenden Marketing-Materialien zur Verf\u00fcgung zu stellen (so nehme ich jedenfalls an). Aber wer steckt bei mir im [&hellip;]<\/p>\n","protected":false},"author":1,"featured_media":0,"parent":0,"menu_order":0,"comment_status":"closed","ping_status":"closed","template":"","meta":{"footnotes":""},"class_list":["post-892","page","type-page","status-publish","hentry"],"_links":{"self":[{"href":"https:\/\/adrianmayr.ch\/index.php?rest_route=\/wp\/v2\/pages\/892","targetHints":{"allow":["GET"]}}],"collection":[{"href":"https:\/\/adrianmayr.ch\/index.php?rest_route=\/wp\/v2\/pages"}],"about":[{"href":"https:\/\/adrianmayr.ch\/index.php?rest_route=\/wp\/v2\/types\/page"}],"author":[{"embeddable":true,"href":"https:\/\/adrianmayr.ch\/index.php?rest_route=\/wp\/v2\/users\/1"}],"replies":[{"embeddable":true,"href":"https:\/\/adrianmayr.ch\/index.php?rest_route=%2Fwp%2Fv2%2Fcomments&post=892"}],"version-history":[{"count":2,"href":"https:\/\/adrianmayr.ch\/index.php?rest_route=\/wp\/v2\/pages\/892\/revisions"}],"predecessor-version":[{"id":1172,"href":"https:\/\/adrianmayr.ch\/index.php?rest_route=\/wp\/v2\/pages\/892\/revisions\/1172"}],"wp:attachment":[{"href":"https:\/\/adrianmayr.ch\/index.php?rest_route=%2Fwp%2Fv2%2Fmedia&parent=892"}],"curies":[{"name":"wp","href":"https:\/\/api.w.org\/{rel}","templated":true}]}}