{"id":888,"date":"2021-03-22T00:01:00","date_gmt":"2021-03-21T23:01:00","guid":{"rendered":"https:\/\/adrianmayr.ch\/?page_id=888"},"modified":"2021-03-22T08:22:52","modified_gmt":"2021-03-22T07:22:52","slug":"22-maerz","status":"publish","type":"page","link":"https:\/\/adrianmayr.ch\/?page_id=888","title":{"rendered":"22. M\u00e4rz &#8211; Das f\u00fcnfte Stichwort"},"content":{"rendered":"\n<p>Zu vier von f\u00fcnf Stichworten auf dem Plakat resp. Flyer habe ich bereits einen Post geschrieben &#8211; &#8222;kompetent&#8220; hat bisher noch gefehlt. Um das Adjektiv &#8222;kompetent&#8220; zu untermauern, m\u00f6chte ich an dieser Stelle etwas n\u00e4her auf meine berufliche T\u00e4tigkeit eingehen. Damit k\u00f6nnen Sie sich ein Bild machen, welch vielf\u00e4ltige Aufgaben ich habe und was dies f\u00fcr meine T\u00e4tigkeit im Gemeinderat bringen w\u00fcrde.<\/p>\n\n\n\n<p><strong>Meine Kernaufgabe<\/strong> <br>Was macht ein &#8222;Leiter Produkt Management und Marketing&#8220; den ganzen Tag? Mein Aufgabengebiet ist sehr vielf\u00e4ltig. Im Produkt Management sind wir daf\u00fcr zust\u00e4ndig, den Markt und unsere Mitbewerber permanent zu beobachten, die Kundenbed\u00fcrfnisse zu analysieren und daraus die Anforderungen an unsere neu zu entwickelnden Produkte zu definieren. Wir sind die Spezialisten zu den einzelnen Produkten und unterst\u00fctzen unseren Verkauf bei konkreten Fragen in Verkaufsprojekten. Im Marketing geht es darum, die Aussenwahrnehmung unserer Firma zu pr\u00e4gen (auch ein wichtiger Aspekt f\u00fcr Spreitenbach), unsere Produkte zielgerichtet zu bewerben und die Pr\u00e4senz und Sichtbarkeit bei potentiellen Kunden und Interessenten sicherzustellen.<\/p>\n\n\n\n<p><strong>Personalf\u00fchrung:<\/strong><br>Seit mittlerweile rund 12 Jahren f\u00fchre ich ein Team von aktuell 10 Mitarbeitenden \u2013 Produkt Manager und Mitarbeitende im Marketing. Ich pflege einen F\u00fchrungsstil, der auf Eigenverantwortung und Selbstst\u00e4ndigkeit basiert und die Mitarbeitenden als kompetente, intelligente Individuen ernst nimmt. Ich sehe meine Aufgabe in der F\u00fchrung darin, eine klare Richtung vorzugeben, die Zielerreichung und Qualit\u00e4t der Aufgabenerf\u00fcllung zu \u00fcberwachen und die Leitplanken zu definieren, innerhalb derer die Mitarbeitenden ihre T\u00e4tigkeit m\u00f6glichst selbstst\u00e4ndig aus\u00fcben k\u00f6nnen. Wichtig ist mir eine transparente Kommunikation zu den Mitarbeitenden, was ich mit regelm\u00e4ssigen Teambesprechungen und Einzelgespr\u00e4chen sicherstelle.<\/p>\n\n\n\n<p><strong>Projektleitung<\/strong>:<br>Nebst meiner Kernaufgabe war ich in den letzten Jahren immer wieder in herausfordernden Projekten involviert:<br><strong>Interne Reorganisations-Projekte<\/strong>. In diesen Projekten ging es jeweils darum, die internen Abl\u00e4ufe und Prozesse zu analysieren, zu optimieren und an ge\u00e4nderte Rahmenbedingungen anzupassen.<br><strong>\u00dcbernahmeprojekt<\/strong>: Vor rund 3 Jahren hat unsere Firma einen bisherigen Mitbewerber \u00fcbernommen. Ich war dort im Projektteam und verantwortlicher Projektleiter f\u00fcr den Bereich &#8222;Produkte&#8220;. Zentrale Aufgaben waren dort die Kommunikation und damit Aufbau von Vertrauen, damit die Mitarbeitenden der \u00fcbernommenen Firma sich schnell mit der neuen Situation arrangieren, einen positiven Zugang zur \u00dcbernahme finden und nicht abspringen. Nach der Bekanntgabe der \u00dcbernahme mussten wir sehr schnell sehr viele Details zur \u00fcbernommenen Firma und deren Produkten analysieren und entscheiden, wie die beiden Firmen am besten zusammenwachsen. Wir mussten unter hohem Druck in kurzer Zeit klar definierte Ziele erreichen und &#8211; in einer f\u00fcr die \u00fcbernommenen Mitarbeitenden schwierigen Zeit &#8211; der Kommunikation h\u00f6chste Priorit\u00e4t geben.<br><strong>Informatik-Projekt<\/strong>: Wir sind daran, ein neues Programm f\u00fcr unseren weltweiten Verkauf einzuf\u00fchren. In diesem Projekt bin ich Projektleiter f\u00fcr den Bereich &#8222;Verkauf&#8220;. Hauptaufgaben sind die Analyse der lokalen Rahmenbedingungen, deren Umsetzung in das Programm und konkrete Prozesse und die Schulung der lokalen Benutzer in der ganzen Welt. Dabei sind auch meine Sprachkompetenzen in Englisch, Spanisch und Franz\u00f6sisch von Nutzen.<\/p>\n\n\n\n<p><strong>Vortr\u00e4ge und Pr\u00e4sentationen<\/strong><br>Als Verantwortlicher f\u00fcr das Produkt Management und Marketing halte ich immer wieder Vortr\u00e4ge und &#8211; seit Corona &#8211; Webinars. Vor viele Menschen hinzustehen und zu pr\u00e4sentieren, bereitet mir daher keine M\u00fche. Einige Kostproben gibt es hier: <a href=\"https:\/\/youtu.be\/K_FsrKDyF7w\">Webinar Deutsch<\/a> \/ <a href=\"https:\/\/www.youtube.com\/watch?v=ipdSqjdNST4\">Interview Englisch<\/a>.<\/p>\n","protected":false},"excerpt":{"rendered":"<p>Zu vier von f\u00fcnf Stichworten auf dem Plakat resp. Flyer habe ich bereits einen Post geschrieben &#8211; &#8222;kompetent&#8220; hat bisher noch gefehlt. Um das Adjektiv &#8222;kompetent&#8220; zu untermauern, m\u00f6chte ich an dieser Stelle etwas n\u00e4her auf meine berufliche T\u00e4tigkeit eingehen. Damit k\u00f6nnen Sie sich ein Bild machen, welch vielf\u00e4ltige Aufgaben ich habe und was dies [&hellip;]<\/p>\n","protected":false},"author":1,"featured_media":0,"parent":0,"menu_order":0,"comment_status":"closed","ping_status":"closed","template":"","meta":{"footnotes":""},"class_list":["post-888","page","type-page","status-publish","hentry"],"_links":{"self":[{"href":"https:\/\/adrianmayr.ch\/index.php?rest_route=\/wp\/v2\/pages\/888","targetHints":{"allow":["GET"]}}],"collection":[{"href":"https:\/\/adrianmayr.ch\/index.php?rest_route=\/wp\/v2\/pages"}],"about":[{"href":"https:\/\/adrianmayr.ch\/index.php?rest_route=\/wp\/v2\/types\/page"}],"author":[{"embeddable":true,"href":"https:\/\/adrianmayr.ch\/index.php?rest_route=\/wp\/v2\/users\/1"}],"replies":[{"embeddable":true,"href":"https:\/\/adrianmayr.ch\/index.php?rest_route=%2Fwp%2Fv2%2Fcomments&post=888"}],"version-history":[{"count":2,"href":"https:\/\/adrianmayr.ch\/index.php?rest_route=\/wp\/v2\/pages\/888\/revisions"}],"predecessor-version":[{"id":1166,"href":"https:\/\/adrianmayr.ch\/index.php?rest_route=\/wp\/v2\/pages\/888\/revisions\/1166"}],"wp:attachment":[{"href":"https:\/\/adrianmayr.ch\/index.php?rest_route=%2Fwp%2Fv2%2Fmedia&parent=888"}],"curies":[{"name":"wp","href":"https:\/\/api.w.org\/{rel}","templated":true}]}}