{"id":882,"date":"2021-03-19T00:01:00","date_gmt":"2021-03-18T23:01:00","guid":{"rendered":"https:\/\/adrianmayr.ch\/?page_id=882"},"modified":"2021-03-19T08:16:19","modified_gmt":"2021-03-19T07:16:19","slug":"19-maerz","status":"publish","type":"page","link":"https:\/\/adrianmayr.ch\/?page_id=882","title":{"rendered":"19. M\u00e4rz &#8211; Nochmals ein paar Presse-Inputs"},"content":{"rendered":"\n<p><strong>Limmatwelle 18.3.2021:<\/strong><\/p>\n\n\n\n<blockquote class=\"wp-block-quote is-layout-flow wp-block-quote-is-layout-flow\"><p>Schon als Zw\u00f6lfj\u00e4hriger interessierte ihn Politik, sie geh\u00f6rt zu seinem Leben. Jetzt kandidiert Adrian Mayr (parteilos) f\u00fcr den Gemeinderat Spreitenbach. \u00abWir sind eine klassische Patchwork- Familie\u00bb, beschreibt Adrian Mayr. Als er 2003 nach Spreitenbach zieht, hat seine Frau zwei T\u00f6chter. \u00abSie sind mittlerweile erwachsen und ausgezogen.\u00bb Die gemeinsamen S\u00f6hne gehen in Spreitenbach zur Bezirksschule. \u00abSie waren anfangs skeptisch, als ich von meiner Kandidatur erz\u00e4hlt habe\u00bb, schildert Adrian Mayr. \u00abIch denke, sie f\u00fcrchteten m\u00f6gliche negative R\u00fcckmeldungen. Aber das hat sich gelegt.\u00bb Seine Frau Martina Studerus Mayr, Gesch\u00e4ftsf\u00fchrerin der Spitex Spreitenbach-Killwangen, habe ihn von Beginn weg unterst\u00fctzt. \u00abSie weiss, wie gerne ich Neues wage. Und ich bin sicher, jetzt ist ein guter Zeitpunkt daf\u00fcr.\u00bb Mayr m\u00f6chte dazu beitragen, dass Spreitenbach auch f\u00fcr k\u00fcnftige Generationen der lebenswerte Ort bleibe, der es heute ist. \u00abSpreitenbach hat so viel zu bieten. Den Negativschlagzeilen der Vergangenheit m\u00f6chte ich k\u00fcnftig das positive Image klar entgegenhalten.\u00bb Fragt man Adrian Mayr nach besonderen Eigenschaften, die ihn f\u00fcr das Amt des Gemeinderates qualifizieren, lautet die Antwort: \u00abDie Mischung machts aus.\u00bb Als ausgebildeter Elektroingenieur FH mit Nachdiplomstudium Wirtschaftsingenieur FH verf\u00fcge er \u00fcber eine rasche Auffassungsgabe kombiniert mit analytischem Geschick. Als Leiter Produkt-Management und Marketing habe er gelernt, auch unter Druck stets klare Priorit\u00e4ten zu setzen. \u00abAusserdem habe ich schnell einen Draht zu den Menschen. \u00bb Dabei spiele seine sachliche, \u00fcberlegte und umg\u00e4ngliche Kommunikationsweise sicher eine entscheidende Rolle. Entspannung findet Adrian Mayr in der Natur. \u00abIch fahre Velo und Ski \u2013 die Berge sind eine meiner Leidenschaften. Aber als Segler f\u00fchle ich mich auch auf dem Wasser zu Hause. \u00bb Auch in der Freizeit pflegt er die Liebe zur Politik. \u00abIch bin Vereinsmitglied bei Pro Spreitenbach. Dabei handelt es sich nicht um eine Partei. Es geht darum, bei regelm\u00e4ssigen Treffen Themen, die in der Gemeinde aktuell sind, zu analysieren und zu diskutieren.\u00bb Der Verein wolle auf diese Weise die Dorfgemeinschaft f\u00f6rdern. \u00abEs geht um differenzierte Information, damit sich jeder seine eigene Meinung bilden kann und auch Lust bekommt, sich an Wahlen und Abstimmungen in der Gemeinde zu beteiligen.\u00bb Wenn man ihm zuh\u00f6rt, wird klar, was Adrian Mayr mit einem Lachen selbst best\u00e4tigt: \u00abMir ist auf jeden Fall nie langweilig.\u00bb<\/p><\/blockquote>\n\n\n\n<blockquote class=\"wp-block-quote is-layout-flow wp-block-quote-is-layout-flow\"><p>Adrian Mayr in den Gemeinderat Seit \u00fcber 43 Jahren wohne ich in Spreitenbach und freue mich, dass wir immer fleissige und innovative Gemeinder\u00e4tinnen und Gemeinder\u00e4te, unabh\u00e4ngig ob mit oder ohne Parteizugeh\u00f6rigkeit, gew\u00e4hlt haben. Der Gemeinderat hat heute ein eher hohes Durchschnittsalter. Sch\u00f6n deshalb, dass wir auch zwei j\u00fcngere f\u00e4hige Kandidaten zur Wahl haben. Ich habe mich entschlossen, Adrian Mayr zu w\u00e4hlen. Adrian kenne ich seit zirka 25 Jahren. Schon viele Stunden haben wir zusammen \u00fcber politische Themen diskutiert. Adrian bleibt immer ruhig, besonnen und argumentiert sachbezogen und l\u00f6sungsorientiert. Er hat ein sehr hohes Wissen in sehr vielen Bereichen. Im Umgang mit Mitmenschen, auch aus anderen Kulturkreisen, pflegt er eine angenehme Art und unterh\u00e4lt sich gerne in mehreren Sprachen. In der Gemeinde hat er sich schon messbar eingebracht. Er arbeitete mehrere Jahre in der Schulpflege und seit einiger Zeit in der Energiekommission mit. Mit Adrian Mayr w\u00e4hlen wir einen einsatzfreudigen, zuverl\u00e4ssigen, integren und innovativen Gemeinderat.<\/p><cite>Kurt Studerus, Spreitenbach<\/cite><\/blockquote>\n\n\n\n<p><strong>Aargauer Zeitung, 19.3.2021<\/strong><\/p>\n\n\n\n<figure class=\"wp-block-table is-style-stripes\"><table class=\"has-fixed-layout\"><tbody><tr><td>Warum wollen Sie Gemeinderat von Spreitenbach werden?<\/td><td>Es ist zum einen generell das Interesse an Politik und am Gemeindegeschehen sowie der Reiz, auf lokaler Ebene mitgestalten zu k\u00f6nnen. Ich m\u00f6chte gerne den Kurs der Gemeinde mit meinen Ideen und Aktionen beeinflussen und engagiert dazu beitragen, dass Spreitenbach auch f\u00fcr k\u00fcnftige Generationen ein lebenswerter und attraktiver Ort bleibt<\/td><\/tr><tr><td>Wieso glauben Sie, sind Sie geeignet f\u00fcr dieses Amt?<\/td><td>Wegen meiner Ausbildung und Berufserfahrung: Als Ingenieur habe ich eine schnelle Auffassungsgabe und gute analytische F\u00e4higkeiten, um f\u00fcr komplexe Problemstellungen L\u00f6sungen zu erarbeiten und umzusetzen. Ich bin engagiert, umg\u00e4nglich, l\u00f6sungsorientiert und habe eine \u00fcberlegte und unaufgeregte Herangehensweise auch bei komplexen und mir unbekannten Themen.<\/td><\/tr><tr><td>Was m\u00f6gen Sie an Spreitenbach besonders, was nicht?<\/td><td>Ich mag den spannenden Gegensatz zwischen st\u00e4dtischer Agglomerationsgemeinde und d\u00f6rflichem Umfeld, die zentrale Lage mit sehr sch\u00f6ner Natur in unmittelbarer N\u00e4he. Weniger mag ich, dass sich ein kleiner Teil der Bev\u00f6lkerung nicht an einige einfache Regeln des Zusammenlebens wie Sauberkeit, Respekt und R\u00fccksichtnahme h\u00e4lt. Und den Verkehr an einem Samstagmorgen.<\/td><\/tr><tr><td>Welche Herausforderungen f\u00fcr die Zukunft Spreitenbachs liegen Ihnen besonders am Herzen?<\/td><td>Die Integration unterschiedlicher Menschen und Kulturen wird bei der Bev\u00f6lkerungsstruktur eine wichtige Herausforderung bleiben \u2013 die Integration muss auf \u00abF\u00f6rdern\u00bb und \u00abFordern\u00bb aufbauen. Die Finanzlage ist und bleibt herausfordernd wie auch das Wachstum in vern\u00fcnftige, nachhaltige Bahnen zu leiten.<\/td><\/tr><\/tbody><\/table><\/figure>\n\n\n<div class=\"shariff shariff-align-flex-start shariff-widget-align-flex-start\"><ul class=\"shariff-buttons theme-round orientation-horizontal buttonsize-medium\"><li class=\"shariff-button mastodon shariff-nocustomcolor\" style=\"background-color:#563ACC\"><a href=\"https:\/\/s2f.kytta.dev\/?text=19.%20M%C3%A4rz%20%E2%80%93%20Nochmals%20ein%20paar%20Presse-Inputs https%3A%2F%2Fadrianmayr.ch%2F%3Fpage_id%3D882\" title=\"Bei Mastodon teilen\" aria-label=\"Bei Mastodon teilen\" role=\"button\" rel=\"noopener nofollow\" class=\"shariff-link\" style=\"; background-color:#6364FF; color:#fff\" target=\"_blank\"><span class=\"shariff-icon\" style=\"\"><svg width=\"75\" height=\"79\" viewBox=\"0 0 75 79\" fill=\"none\" xmlns=\"http:\/\/www.w3.org\/2000\/svg\"><path d=\"M37.813-.025C32.462-.058 27.114.13 21.79.598c-8.544.621-17.214 5.58-20.203 13.931C-1.12 23.318.408 32.622.465 41.65c.375 7.316.943 14.78 3.392 21.73 4.365 9.465 14.781 14.537 24.782 15.385 7.64.698 15.761-.213 22.517-4.026a54.1 54.1 0 0 0 .01-6.232c-6.855 1.316-14.101 2.609-21.049 1.074-3.883-.88-6.876-4.237-7.25-8.215-1.53-3.988 3.78-.43 5.584-.883 9.048 1.224 18.282.776 27.303-.462 7.044-.837 14.26-4.788 16.65-11.833 2.263-6.135 1.215-12.79 1.698-19.177.06-3.84.09-7.692-.262-11.52C72.596 7.844 63.223.981 53.834.684a219.453 219.453 0 0 0-16.022-.71zm11.294 12.882c5.5-.067 10.801 4.143 11.67 9.653.338 1.48.471 3 .471 4.515v21.088h-8.357c-.07-7.588.153-15.182-.131-22.765-.587-4.368-7.04-5.747-9.672-2.397-2.422 3.04-1.47 7.155-1.67 10.735v6.392h-8.307c-.146-4.996.359-10.045-.404-15.002-1.108-4.218-7.809-5.565-10.094-1.666-1.685 3.046-.712 6.634-.976 9.936v14.767h-8.354c.109-8.165-.238-16.344.215-24.5.674-5.346 5.095-10.389 10.676-10.627 4.902-.739 10.103 2.038 12.053 6.631.375 1.435 1.76 1.932 1.994.084 1.844-3.704 5.501-6.739 9.785-6.771.367-.044.735-.068 1.101-.073z\"\/><defs><linearGradient id=\"paint0_linear_549_34\" x1=\"37.0692\" y1=\"0\" x2=\"37.0692\" y2=\"79\" gradientUnits=\"userSpaceOnUse\"><stop stop-color=\"#6364FF\"\/><stop offset=\"1\" stop-color=\"#563ACC\"\/><\/linearGradient><\/defs><\/svg><\/span><\/a><\/li><li class=\"shariff-button facebook shariff-nocustomcolor\" style=\"background-color:#4273c8\"><a href=\"https:\/\/www.facebook.com\/sharer\/sharer.php?u=https%3A%2F%2Fadrianmayr.ch%2F%3Fpage_id%3D882\" title=\"Bei Facebook teilen\" aria-label=\"Bei Facebook teilen\" role=\"button\" rel=\"nofollow\" class=\"shariff-link\" style=\"; background-color:#3b5998; color:#fff\" target=\"_blank\"><span class=\"shariff-icon\" style=\"\"><svg width=\"32px\" height=\"20px\" xmlns=\"http:\/\/www.w3.org\/2000\/svg\" viewBox=\"0 0 18 32\"><path fill=\"#3b5998\" d=\"M17.1 0.2v4.7h-2.8q-1.5 0-2.1 0.6t-0.5 1.9v3.4h5.2l-0.7 5.3h-4.5v13.6h-5.5v-13.6h-4.5v-5.3h4.5v-3.9q0-3.3 1.9-5.2t5-1.8q2.6 0 4.1 0.2z\"\/><\/svg><\/span><\/a><\/li><li class=\"shariff-button linkedin shariff-nocustomcolor\" style=\"background-color:#1488bf\"><a href=\"https:\/\/www.linkedin.com\/sharing\/share-offsite\/?url=https%3A%2F%2Fadrianmayr.ch%2F%3Fpage_id%3D882\" title=\"Bei LinkedIn teilen\" aria-label=\"Bei LinkedIn teilen\" role=\"button\" rel=\"noopener nofollow\" class=\"shariff-link\" style=\"; background-color:#0077b5; color:#fff\" target=\"_blank\"><span class=\"shariff-icon\" style=\"\"><svg width=\"32px\" height=\"20px\" xmlns=\"http:\/\/www.w3.org\/2000\/svg\" viewBox=\"0 0 27 32\"><path fill=\"#0077b5\" d=\"M6.2 11.2v17.7h-5.9v-17.7h5.9zM6.6 5.7q0 1.3-0.9 2.2t-2.4 0.9h0q-1.5 0-2.4-0.9t-0.9-2.2 0.9-2.2 2.4-0.9 2.4 0.9 0.9 2.2zM27.4 18.7v10.1h-5.9v-9.5q0-1.9-0.7-2.9t-2.3-1.1q-1.1 0-1.9 0.6t-1.2 1.5q-0.2 0.5-0.2 1.4v9.9h-5.9q0-7.1 0-11.6t0-5.3l0-0.9h5.9v2.6h0q0.4-0.6 0.7-1t1-0.9 1.6-0.8 2-0.3q3 0 4.9 2t1.9 6z\"\/><\/svg><\/span><\/a><\/li><li class=\"shariff-button info shariff-nocustomcolor\" style=\"background-color:#eee\"><a href=\"http:\/\/ct.de\/-2467514\" title=\"Weitere Informationen\" aria-label=\"Weitere Informationen\" role=\"button\" rel=\"noopener \" class=\"shariff-link\" style=\"; background-color:#fff; color:#fff\" target=\"_blank\"><span class=\"shariff-icon\" style=\"\"><svg width=\"32px\" height=\"20px\" xmlns=\"http:\/\/www.w3.org\/2000\/svg\" viewBox=\"0 0 11 32\"><path fill=\"#999\" d=\"M11.4 24v2.3q0 0.5-0.3 0.8t-0.8 0.4h-9.1q-0.5 0-0.8-0.4t-0.4-0.8v-2.3q0-0.5 0.4-0.8t0.8-0.4h1.1v-6.8h-1.1q-0.5 0-0.8-0.4t-0.4-0.8v-2.3q0-0.5 0.4-0.8t0.8-0.4h6.8q0.5 0 0.8 0.4t0.4 0.8v10.3h1.1q0.5 0 0.8 0.4t0.3 0.8zM9.2 3.4v3.4q0 0.5-0.4 0.8t-0.8 0.4h-4.6q-0.4 0-0.8-0.4t-0.4-0.8v-3.4q0-0.4 0.4-0.8t0.8-0.4h4.6q0.5 0 0.8 0.4t0.4 0.8z\"\/><\/svg><\/span><\/a><\/li><\/ul><\/div>\n","protected":false},"excerpt":{"rendered":"<p>Limmatwelle 18.3.2021: Schon als Zw\u00f6lfj\u00e4hriger interessierte ihn Politik, sie geh\u00f6rt zu seinem Leben. Jetzt kandidiert Adrian Mayr (parteilos) f\u00fcr den Gemeinderat Spreitenbach. \u00abWir sind eine klassische Patchwork- Familie\u00bb, beschreibt Adrian Mayr. Als er 2003 nach Spreitenbach zieht, hat seine Frau zwei T\u00f6chter. \u00abSie sind mittlerweile erwachsen und ausgezogen.\u00bb Die gemeinsamen S\u00f6hne gehen in Spreitenbach zur [&hellip;]<\/p>\n","protected":false},"author":1,"featured_media":0,"parent":0,"menu_order":0,"comment_status":"open","ping_status":"closed","template":"","meta":{"footnotes":""},"class_list":["post-882","page","type-page","status-publish","hentry"],"_links":{"self":[{"href":"https:\/\/adrianmayr.ch\/index.php?rest_route=\/wp\/v2\/pages\/882","targetHints":{"allow":["GET"]}}],"collection":[{"href":"https:\/\/adrianmayr.ch\/index.php?rest_route=\/wp\/v2\/pages"}],"about":[{"href":"https:\/\/adrianmayr.ch\/index.php?rest_route=\/wp\/v2\/types\/page"}],"author":[{"embeddable":true,"href":"https:\/\/adrianmayr.ch\/index.php?rest_route=\/wp\/v2\/users\/1"}],"replies":[{"embeddable":true,"href":"https:\/\/adrianmayr.ch\/index.php?rest_route=%2Fwp%2Fv2%2Fcomments&post=882"}],"version-history":[{"count":2,"href":"https:\/\/adrianmayr.ch\/index.php?rest_route=\/wp\/v2\/pages\/882\/revisions"}],"predecessor-version":[{"id":1149,"href":"https:\/\/adrianmayr.ch\/index.php?rest_route=\/wp\/v2\/pages\/882\/revisions\/1149"}],"wp:attachment":[{"href":"https:\/\/adrianmayr.ch\/index.php?rest_route=%2Fwp%2Fv2%2Fmedia&parent=882"}],"curies":[{"name":"wp","href":"https:\/\/api.w.org\/{rel}","templated":true}]}}