{"id":878,"date":"2021-03-17T00:01:00","date_gmt":"2021-03-16T23:01:00","guid":{"rendered":"https:\/\/adrianmayr.ch\/?page_id=878"},"modified":"2021-03-18T09:47:30","modified_gmt":"2021-03-18T08:47:30","slug":"17-maerz","status":"publish","type":"page","link":"https:\/\/adrianmayr.ch\/?page_id=878","title":{"rendered":"17. M\u00e4rz &#8211; Was soll ein Gemeinderat k\u00f6nnen?"},"content":{"rendered":"\n<p>Als ich mich im Vorfeld vertieft mit dem Gedanken an eine Gemeinderats-Kandidatur auseinandersetzte, bin ich auch auf dieser Seite des Kantons gelandet, wo das Anforderungsprofil an den Gemeinderat aufgef\u00fchrt ist:<\/p>\n\n\n\n<p><a href=\"https:\/\/www.ag.ch\/media\/kanton_aargau\/dvi\/dokumente_5\/ga_1\/projekte_12\/milizorganisation\/Aufgaben_und_Anforderungsprofil_fuer_Gemeinderaete.pdf\">Aufgaben und Anforderungsprofil f\u00fcr Gemeinder\u00e4te<\/a><\/p>\n\n\n\n<p>Ein paar Zitate aus diesem Papier mit meinen Gedanken dazu m\u00f6chte ich hier auff\u00fchren:<\/p>\n\n\n\n<blockquote class=\"wp-block-quote is-layout-flow wp-block-quote-is-layout-flow\"><p>Der Gemeinderat hat die Verwaltung zweckm\u00e4ssig und fortschrittlich zu organisieren<\/p><\/blockquote>\n\n\n\n<p>In dieser Aufz\u00e4hlung fehlt f\u00fcr mich etwas der Gedanke, dass die Dienstleistungen der Gemeinde so effektiv und wirtschaftlich wie m\u00f6glich erbracht werden. Die Gemeinde soll sich als Dienstleister an den B\u00fcrgern verstehen und mit den Steuergeldern der Einwohner haush\u00e4lterisch umgehen.<\/p>\n\n\n\n<blockquote class=\"wp-block-quote is-layout-flow wp-block-quote-is-layout-flow\"><p>Dem Gemeinderat obliegt die strategische F\u00fchrung der Gemeinde\u2026<\/p><\/blockquote>\n\n\n\n<p>Mit der Einstellung des Verwaltungsleiters macht Spreitenbach hier meines Erachtens einen wichtigen Schritt nach vorne und der Gemeinderat hat verst\u00e4rkt die M\u00f6glichkeit, strategisch und gestaltend zu wirken wenn das operative Gesch\u00e4ft in erster Linie vom Verwaltungsleiter gef\u00fchrt wird. Dabei ist nat\u00fcrlich auf die Macht- und Kompetenzenverteilung zwischen Verwaltung und Gemeinderat zu achten, damit der Gemeinderat nicht nur formell die F\u00fchrungsrolle innehat.<\/p>\n\n\n\n<blockquote class=\"wp-block-quote is-layout-flow wp-block-quote-is-layout-flow\"><p>Der Gemeinderat funktioniert als Kollegialbeh\u00f6rde<\/p><\/blockquote>\n\n\n\n<p>Ein wichtiges Prinzip \u2013 was im Gemeinderats-Kollegium entschieden wird, vertreten alle Mitglieder unabh\u00e4ngig von ihrer pers\u00f6nlichen Meinung nach aussen. Mit meiner sachlichen, kompromissbereiten und l\u00f6sungsorientierten Art werde ich mit diesem Prinzip kein Problem haben.<\/p>\n\n\n\n<blockquote class=\"wp-block-quote is-layout-flow wp-block-quote-is-layout-flow\"><p>Fachliche Voraussetzungen <br>&#8211; gute Allgemeinbildung <br>&#8211; F\u00e4higkeit, Texte innert n\u00fctzlicher Frist zu studieren und zu beurteilen <br>&#8211; F\u00e4higkeit, Sitzungen zu leiten <br>&#8211; F\u00e4higkeit, vor Publikum zu referieren <br>Pers\u00f6nliche Voraussetzungen <br>&#8211; zeitliche Flexibilit\u00e4t und Verf\u00fcgbarkeit &nbsp;<br>&#8211; Interesse an politischen Vorg\u00e4ngen <br>&#8211; strategisches Denken und gesunder Menschenverstand &nbsp;<br>Pers\u00f6nlichkeit &nbsp;<br>&#8211; gradlinig, sachlich, entscheidungsfreudig <br>&#8211; offen, interessiert, motiviert <br>&#8211; verschwiegen, diskret<br>&#8211; Durchsetzungsverm\u00f6gen<\/p><\/blockquote>\n\n\n\n<p>So werden die Voraussetzungen an  einen Gemeinderat formuliert. Ich bin diese Punkte gedanklich durchgegangen und ich sehe bei mir alle diese Voraussetzungen erf\u00fcllt &#8211; nat\u00fcrlich nicht alle gleich stark. Viele dieser Kompetenzen davon wende ich tagt\u00e4glich in meinem beruflichen Umfeld an. Meine T\u00e4tigkeit und die famili\u00e4re Situation lassen auch die ben\u00f6tigte zeitliche Flexibilit\u00e4t und Verf\u00fcgbarkeit zu.<br>Ich hoffe, Sie sind aufgrund meiner bisherigen Aktivit\u00e4ten und Eintr\u00e4ge auf der Homepage auch zum Schluss gekommen, dass ich die Voraussetzungen f\u00fcr dieses Amt mitbringe. <\/p>\n\n\n\n<p>\u00dcbrigens: haben Sie den Wahlzettel schon ausgef\u00fcllt und zur Post gebracht? Wenn nicht, w\u00e4re doch jetzt ein guter Zeitpunkt daf\u00fcr&#8230;<\/p>\n\n\n<div class=\"shariff shariff-align-flex-start shariff-widget-align-flex-start\"><ul class=\"shariff-buttons theme-round orientation-horizontal buttonsize-medium\"><li class=\"shariff-button mastodon shariff-nocustomcolor\" style=\"background-color:#563ACC\"><a href=\"https:\/\/s2f.kytta.dev\/?text=17.%20M%C3%A4rz%20%E2%80%93%20Was%20soll%20ein%20Gemeinderat%20k%C3%B6nnen%3F https%3A%2F%2Fadrianmayr.ch%2F%3Fpage_id%3D878\" title=\"Bei Mastodon teilen\" aria-label=\"Bei Mastodon teilen\" role=\"button\" rel=\"noopener nofollow\" class=\"shariff-link\" style=\"; background-color:#6364FF; color:#fff\" target=\"_blank\"><span class=\"shariff-icon\" style=\"\"><svg width=\"75\" height=\"79\" viewBox=\"0 0 75 79\" fill=\"none\" xmlns=\"http:\/\/www.w3.org\/2000\/svg\"><path d=\"M37.813-.025C32.462-.058 27.114.13 21.79.598c-8.544.621-17.214 5.58-20.203 13.931C-1.12 23.318.408 32.622.465 41.65c.375 7.316.943 14.78 3.392 21.73 4.365 9.465 14.781 14.537 24.782 15.385 7.64.698 15.761-.213 22.517-4.026a54.1 54.1 0 0 0 .01-6.232c-6.855 1.316-14.101 2.609-21.049 1.074-3.883-.88-6.876-4.237-7.25-8.215-1.53-3.988 3.78-.43 5.584-.883 9.048 1.224 18.282.776 27.303-.462 7.044-.837 14.26-4.788 16.65-11.833 2.263-6.135 1.215-12.79 1.698-19.177.06-3.84.09-7.692-.262-11.52C72.596 7.844 63.223.981 53.834.684a219.453 219.453 0 0 0-16.022-.71zm11.294 12.882c5.5-.067 10.801 4.143 11.67 9.653.338 1.48.471 3 .471 4.515v21.088h-8.357c-.07-7.588.153-15.182-.131-22.765-.587-4.368-7.04-5.747-9.672-2.397-2.422 3.04-1.47 7.155-1.67 10.735v6.392h-8.307c-.146-4.996.359-10.045-.404-15.002-1.108-4.218-7.809-5.565-10.094-1.666-1.685 3.046-.712 6.634-.976 9.936v14.767h-8.354c.109-8.165-.238-16.344.215-24.5.674-5.346 5.095-10.389 10.676-10.627 4.902-.739 10.103 2.038 12.053 6.631.375 1.435 1.76 1.932 1.994.084 1.844-3.704 5.501-6.739 9.785-6.771.367-.044.735-.068 1.101-.073z\"\/><defs><linearGradient id=\"paint0_linear_549_34\" x1=\"37.0692\" y1=\"0\" x2=\"37.0692\" y2=\"79\" gradientUnits=\"userSpaceOnUse\"><stop stop-color=\"#6364FF\"\/><stop offset=\"1\" stop-color=\"#563ACC\"\/><\/linearGradient><\/defs><\/svg><\/span><\/a><\/li><li class=\"shariff-button facebook shariff-nocustomcolor\" style=\"background-color:#4273c8\"><a href=\"https:\/\/www.facebook.com\/sharer\/sharer.php?u=https%3A%2F%2Fadrianmayr.ch%2F%3Fpage_id%3D878\" title=\"Bei Facebook teilen\" aria-label=\"Bei Facebook teilen\" role=\"button\" rel=\"nofollow\" class=\"shariff-link\" style=\"; background-color:#3b5998; color:#fff\" target=\"_blank\"><span class=\"shariff-icon\" style=\"\"><svg width=\"32px\" height=\"20px\" xmlns=\"http:\/\/www.w3.org\/2000\/svg\" viewBox=\"0 0 18 32\"><path fill=\"#3b5998\" d=\"M17.1 0.2v4.7h-2.8q-1.5 0-2.1 0.6t-0.5 1.9v3.4h5.2l-0.7 5.3h-4.5v13.6h-5.5v-13.6h-4.5v-5.3h4.5v-3.9q0-3.3 1.9-5.2t5-1.8q2.6 0 4.1 0.2z\"\/><\/svg><\/span><\/a><\/li><li class=\"shariff-button linkedin shariff-nocustomcolor\" style=\"background-color:#1488bf\"><a href=\"https:\/\/www.linkedin.com\/sharing\/share-offsite\/?url=https%3A%2F%2Fadrianmayr.ch%2F%3Fpage_id%3D878\" title=\"Bei LinkedIn teilen\" aria-label=\"Bei LinkedIn teilen\" role=\"button\" rel=\"noopener nofollow\" class=\"shariff-link\" style=\"; background-color:#0077b5; color:#fff\" target=\"_blank\"><span class=\"shariff-icon\" style=\"\"><svg width=\"32px\" height=\"20px\" xmlns=\"http:\/\/www.w3.org\/2000\/svg\" viewBox=\"0 0 27 32\"><path fill=\"#0077b5\" d=\"M6.2 11.2v17.7h-5.9v-17.7h5.9zM6.6 5.7q0 1.3-0.9 2.2t-2.4 0.9h0q-1.5 0-2.4-0.9t-0.9-2.2 0.9-2.2 2.4-0.9 2.4 0.9 0.9 2.2zM27.4 18.7v10.1h-5.9v-9.5q0-1.9-0.7-2.9t-2.3-1.1q-1.1 0-1.9 0.6t-1.2 1.5q-0.2 0.5-0.2 1.4v9.9h-5.9q0-7.1 0-11.6t0-5.3l0-0.9h5.9v2.6h0q0.4-0.6 0.7-1t1-0.9 1.6-0.8 2-0.3q3 0 4.9 2t1.9 6z\"\/><\/svg><\/span><\/a><\/li><li class=\"shariff-button info shariff-nocustomcolor\" style=\"background-color:#eee\"><a href=\"http:\/\/ct.de\/-2467514\" title=\"Weitere Informationen\" aria-label=\"Weitere Informationen\" role=\"button\" rel=\"noopener \" class=\"shariff-link\" style=\"; background-color:#fff; color:#fff\" target=\"_blank\"><span class=\"shariff-icon\" style=\"\"><svg width=\"32px\" height=\"20px\" xmlns=\"http:\/\/www.w3.org\/2000\/svg\" viewBox=\"0 0 11 32\"><path fill=\"#999\" d=\"M11.4 24v2.3q0 0.5-0.3 0.8t-0.8 0.4h-9.1q-0.5 0-0.8-0.4t-0.4-0.8v-2.3q0-0.5 0.4-0.8t0.8-0.4h1.1v-6.8h-1.1q-0.5 0-0.8-0.4t-0.4-0.8v-2.3q0-0.5 0.4-0.8t0.8-0.4h6.8q0.5 0 0.8 0.4t0.4 0.8v10.3h1.1q0.5 0 0.8 0.4t0.3 0.8zM9.2 3.4v3.4q0 0.5-0.4 0.8t-0.8 0.4h-4.6q-0.4 0-0.8-0.4t-0.4-0.8v-3.4q0-0.4 0.4-0.8t0.8-0.4h4.6q0.5 0 0.8 0.4t0.4 0.8z\"\/><\/svg><\/span><\/a><\/li><\/ul><\/div>\n","protected":false},"excerpt":{"rendered":"<p>Als ich mich im Vorfeld vertieft mit dem Gedanken an eine Gemeinderats-Kandidatur auseinandersetzte, bin ich auch auf dieser Seite des Kantons gelandet, wo das Anforderungsprofil an den Gemeinderat aufgef\u00fchrt ist: Aufgaben und Anforderungsprofil f\u00fcr Gemeinder\u00e4te Ein paar Zitate aus diesem Papier mit meinen Gedanken dazu m\u00f6chte ich hier auff\u00fchren: Der Gemeinderat hat die Verwaltung zweckm\u00e4ssig [&hellip;]<\/p>\n","protected":false},"author":1,"featured_media":0,"parent":0,"menu_order":0,"comment_status":"open","ping_status":"closed","template":"","meta":{"footnotes":""},"class_list":["post-878","page","type-page","status-publish","hentry"],"_links":{"self":[{"href":"https:\/\/adrianmayr.ch\/index.php?rest_route=\/wp\/v2\/pages\/878","targetHints":{"allow":["GET"]}}],"collection":[{"href":"https:\/\/adrianmayr.ch\/index.php?rest_route=\/wp\/v2\/pages"}],"about":[{"href":"https:\/\/adrianmayr.ch\/index.php?rest_route=\/wp\/v2\/types\/page"}],"author":[{"embeddable":true,"href":"https:\/\/adrianmayr.ch\/index.php?rest_route=\/wp\/v2\/users\/1"}],"replies":[{"embeddable":true,"href":"https:\/\/adrianmayr.ch\/index.php?rest_route=%2Fwp%2Fv2%2Fcomments&post=878"}],"version-history":[{"count":5,"href":"https:\/\/adrianmayr.ch\/index.php?rest_route=\/wp\/v2\/pages\/878\/revisions"}],"predecessor-version":[{"id":1132,"href":"https:\/\/adrianmayr.ch\/index.php?rest_route=\/wp\/v2\/pages\/878\/revisions\/1132"}],"wp:attachment":[{"href":"https:\/\/adrianmayr.ch\/index.php?rest_route=%2Fwp%2Fv2%2Fmedia&parent=878"}],"curies":[{"name":"wp","href":"https:\/\/api.w.org\/{rel}","templated":true}]}}