{"id":870,"date":"2021-03-13T00:01:00","date_gmt":"2021-03-12T23:01:00","guid":{"rendered":"https:\/\/adrianmayr.ch\/?page_id=870"},"modified":"2021-03-18T09:48:20","modified_gmt":"2021-03-18T08:48:20","slug":"13-maerz","status":"publish","type":"page","link":"https:\/\/adrianmayr.ch\/?page_id=870","title":{"rendered":"13. M\u00e4rz &#8211; Andere \u00fcber mich&#8230;"},"content":{"rendered":"\n<p>In der gestrigen Limmatwelle sind einige Leserbriefe zu meiner Kandidatur ver\u00f6ffentlicht worden &#8211; vielen Dank den Verfassern f\u00fcr die positiven Worte &#8211; welche selbstverst\u00e4ndlich ohne mein Zutun geschrieben wurden &#8211; und die Unterst\u00fctzung. Falls Sie die Limmatwelle nicht gelesen haben, m\u00f6chte ich Ihnen diese nicht vorenthalten. <\/p>\n\n\n\n<blockquote class=\"wp-block-quote is-layout-flow wp-block-quote-is-layout-flow\"><p>Mit der Kandidatur von Adrian Mayr als neues Gemeinderatsmitglied hat Spreitenbach die Chance, nicht nur eine fachlich \u00fcberaus qualifizierte Person zu w\u00e4hlen, sondern auch einen sehr engagierten, umg\u00e4nglichen und vielseitig versierten Menschen mit positiver und aufgeschlossener Einstellung. Er hat das Verst\u00e4ndnis f\u00fcr verschiedenste Anliegen und setzt sich ein f\u00fcr eine fortschrittliche und zukunftsorientierte Entwicklung. Mit seinen vielf\u00e4ltigen Kenntnissen und F\u00e4higkeiten bringt er die n\u00f6tigen Kompetenzen mit, um das Amt als Gemeinderat ausf\u00fchren zu k\u00f6nnen. Wir kennen Adrian Mayr seit 13 Jahren, als er in der Schulpflege t\u00e4tig war. Aktuell ist er Mitglied in der Energiekommission. Er hat sich immer f\u00fcr das Gemeindeleben interessiert und m\u00f6chte sich verst\u00e4rkt aktiv einsetzen. Durch seine Familiengr\u00fcndung in Spreitenbach ist er solide verwurzelt in unserer Kommune. Als vierfacher Familienvater und mit seiner beruflichen Ausbildung als Elektro- und Wirtschaftsingenieur sowie seiner F\u00fchrungsposition in einem internationalen Unternehmen ist er es gewohnt, und es entspricht auch seinem pers\u00f6nlichen Naturell, l\u00f6sungsorientiert zu denken und zu handeln. &nbsp;Nebst seiner offenen und sympathischen Art bringt er Scharfsinn und gesunden Menschenverstand mit. Wir kennen ihn als famili\u00e4ren, geselligen und sportlichen Typ, ein kreativer Macher mit genialen Ideen, Verantwortungsbewusstsein und Durchhalteverm\u00f6gen.<\/p><cite>Ren\u00e9 und Gisela Guggenbach<\/cite><\/blockquote>\n\n\n\n<blockquote class=\"wp-block-quote is-layout-flow wp-block-quote-is-layout-flow\"><p>Wie k\u00f6nnte das Anforderungsprofil f\u00fcr einen Gemeinderat aussehen? Sicher w\u00e4re es ein Vorteil, wenn Strategien definieren, Projekte leiten, Konzepte \u00fcberpr\u00fcfen oder erstellen, Menschen f\u00fchren und f\u00f6rdern zu seinen Kompetenzen z\u00e4hlen w\u00fcrden. Er sollte ein Gestalter und Taktgeber sein. Auch Marketingerfahrung w\u00e4re eine Bereicherung, denn eine positivere Positionierung unserer Agglomerationsgemeinde w\u00e4re dringendst notwendig.<br>Eine politische Kandidatur ist auch ein bisschen wie eine Stellenbewerbung. Einerseits soll sie aufzeigen, welchen Rucksack jemand in ein politisches Amt einbringen kann. Schliesslich soll die Person einen Mehrwert f\u00fcr Spreitenbach bringen. Andererseits soll nicht nur geschrieben werden, was jemand kann. Nein, die Kandidatur soll es beweisen. Darum, Inhalte statt Schlagw\u00f6rter. Lassen Sie sich durch die Homepage www.adrianmayr.ch \u00fcberzeugen. Mit Adrian Mayr steht ein Kandidat zur Verf\u00fcgung, der die Anforderungen an einen Gemeinderat erf\u00fcllt. Mich \u00fcberzeugen nicht nur seine fachlichen Kompetenzen, sondern auch seine pers\u00f6nliche Ausstrahlung. In der Schulpflege durfte ich mit ihm zusammenarbeiten. Ich kann ihn den Spreitenbacherinnen und Spreitenbachern bestens empfehlen.<\/p><cite>Fredy N\u00fcesch, Spreitenbach<\/cite><\/blockquote>\n\n\n\n<blockquote class=\"wp-block-quote is-layout-flow wp-block-quote-is-layout-flow\"><p>Nach der langen Durststrecke seit Mitte 2020 haben wir die Chance, am 28. M\u00e4rz einen neuen Kandidaten zu w\u00e4hlen. Mit Adrian Mayr h\u00e4tten wir einen idealen Ersatz in den bestehenden Gemeinderat von Spreitenbach. Er w\u00fcrde mit seiner Person und seinen F\u00e4higkeiten sehr gut in den Gemeinderat passen. Er, der seit<br>2003 in Spreitenbach wohnt und mit seiner Familie sehr gut verwurzelt ist in unserer Gemeinde, h\u00e4tte unser Vertrauen durch seine Wahl verdient.<br>Seine Vorkenntnisse aus der Schulpflege und als Mitglied in der Energiekommission zeigen seine Erfahrung auf Gemeindeebene. Aus der Zusammenarbeit in der Energiekommission erlebe ich ihn als kompetentes und sachkundiges Kommissionsmitglied. Als ausgebildeter Elektroingenieur FH mit Nachdiplomstudium als Wirtschaftsingenieur FH bringt Adrian Mayr einen gut gef\u00fcllten Rucksack f\u00fcr das Amt als Gemeinderat mit. Die langj\u00e4hrige Erfahrung aus der beruflichen F\u00fchrungst\u00e4tigkeit bei einer international t\u00e4tigen Aargauer Firma wird bei der Bew\u00e4ltigung der Herausforderung als Gemeinderat sicher hilfreich sein.<\/p><cite>Bernhard Gerig, Spreitenbach<\/cite><\/blockquote>\n\n\n<div class=\"shariff shariff-align-flex-start shariff-widget-align-flex-start\"><ul class=\"shariff-buttons theme-round orientation-horizontal buttonsize-medium\"><li class=\"shariff-button mastodon shariff-nocustomcolor\" style=\"background-color:#563ACC\"><a href=\"https:\/\/s2f.kytta.dev\/?text=13.%20M%C3%A4rz%20%E2%80%93%20Andere%20%C3%BCber%20mich%E2%80%A6 https%3A%2F%2Fadrianmayr.ch%2F%3Fpage_id%3D870\" title=\"Bei Mastodon teilen\" aria-label=\"Bei Mastodon teilen\" role=\"button\" rel=\"noopener nofollow\" class=\"shariff-link\" style=\"; background-color:#6364FF; color:#fff\" target=\"_blank\"><span class=\"shariff-icon\" style=\"\"><svg width=\"75\" height=\"79\" viewBox=\"0 0 75 79\" fill=\"none\" xmlns=\"http:\/\/www.w3.org\/2000\/svg\"><path d=\"M37.813-.025C32.462-.058 27.114.13 21.79.598c-8.544.621-17.214 5.58-20.203 13.931C-1.12 23.318.408 32.622.465 41.65c.375 7.316.943 14.78 3.392 21.73 4.365 9.465 14.781 14.537 24.782 15.385 7.64.698 15.761-.213 22.517-4.026a54.1 54.1 0 0 0 .01-6.232c-6.855 1.316-14.101 2.609-21.049 1.074-3.883-.88-6.876-4.237-7.25-8.215-1.53-3.988 3.78-.43 5.584-.883 9.048 1.224 18.282.776 27.303-.462 7.044-.837 14.26-4.788 16.65-11.833 2.263-6.135 1.215-12.79 1.698-19.177.06-3.84.09-7.692-.262-11.52C72.596 7.844 63.223.981 53.834.684a219.453 219.453 0 0 0-16.022-.71zm11.294 12.882c5.5-.067 10.801 4.143 11.67 9.653.338 1.48.471 3 .471 4.515v21.088h-8.357c-.07-7.588.153-15.182-.131-22.765-.587-4.368-7.04-5.747-9.672-2.397-2.422 3.04-1.47 7.155-1.67 10.735v6.392h-8.307c-.146-4.996.359-10.045-.404-15.002-1.108-4.218-7.809-5.565-10.094-1.666-1.685 3.046-.712 6.634-.976 9.936v14.767h-8.354c.109-8.165-.238-16.344.215-24.5.674-5.346 5.095-10.389 10.676-10.627 4.902-.739 10.103 2.038 12.053 6.631.375 1.435 1.76 1.932 1.994.084 1.844-3.704 5.501-6.739 9.785-6.771.367-.044.735-.068 1.101-.073z\"\/><defs><linearGradient id=\"paint0_linear_549_34\" x1=\"37.0692\" y1=\"0\" x2=\"37.0692\" y2=\"79\" gradientUnits=\"userSpaceOnUse\"><stop stop-color=\"#6364FF\"\/><stop offset=\"1\" stop-color=\"#563ACC\"\/><\/linearGradient><\/defs><\/svg><\/span><\/a><\/li><li class=\"shariff-button facebook shariff-nocustomcolor\" style=\"background-color:#4273c8\"><a href=\"https:\/\/www.facebook.com\/sharer\/sharer.php?u=https%3A%2F%2Fadrianmayr.ch%2F%3Fpage_id%3D870\" title=\"Bei Facebook teilen\" aria-label=\"Bei Facebook teilen\" role=\"button\" rel=\"nofollow\" class=\"shariff-link\" style=\"; background-color:#3b5998; color:#fff\" target=\"_blank\"><span class=\"shariff-icon\" style=\"\"><svg width=\"32px\" height=\"20px\" xmlns=\"http:\/\/www.w3.org\/2000\/svg\" viewBox=\"0 0 18 32\"><path fill=\"#3b5998\" d=\"M17.1 0.2v4.7h-2.8q-1.5 0-2.1 0.6t-0.5 1.9v3.4h5.2l-0.7 5.3h-4.5v13.6h-5.5v-13.6h-4.5v-5.3h4.5v-3.9q0-3.3 1.9-5.2t5-1.8q2.6 0 4.1 0.2z\"\/><\/svg><\/span><\/a><\/li><li class=\"shariff-button linkedin shariff-nocustomcolor\" style=\"background-color:#1488bf\"><a href=\"https:\/\/www.linkedin.com\/sharing\/share-offsite\/?url=https%3A%2F%2Fadrianmayr.ch%2F%3Fpage_id%3D870\" title=\"Bei LinkedIn teilen\" aria-label=\"Bei LinkedIn teilen\" role=\"button\" rel=\"noopener nofollow\" class=\"shariff-link\" style=\"; background-color:#0077b5; color:#fff\" target=\"_blank\"><span class=\"shariff-icon\" style=\"\"><svg width=\"32px\" height=\"20px\" xmlns=\"http:\/\/www.w3.org\/2000\/svg\" viewBox=\"0 0 27 32\"><path fill=\"#0077b5\" d=\"M6.2 11.2v17.7h-5.9v-17.7h5.9zM6.6 5.7q0 1.3-0.9 2.2t-2.4 0.9h0q-1.5 0-2.4-0.9t-0.9-2.2 0.9-2.2 2.4-0.9 2.4 0.9 0.9 2.2zM27.4 18.7v10.1h-5.9v-9.5q0-1.9-0.7-2.9t-2.3-1.1q-1.1 0-1.9 0.6t-1.2 1.5q-0.2 0.5-0.2 1.4v9.9h-5.9q0-7.1 0-11.6t0-5.3l0-0.9h5.9v2.6h0q0.4-0.6 0.7-1t1-0.9 1.6-0.8 2-0.3q3 0 4.9 2t1.9 6z\"\/><\/svg><\/span><\/a><\/li><li class=\"shariff-button info shariff-nocustomcolor\" style=\"background-color:#eee\"><a href=\"http:\/\/ct.de\/-2467514\" title=\"Weitere Informationen\" aria-label=\"Weitere Informationen\" role=\"button\" rel=\"noopener \" class=\"shariff-link\" style=\"; background-color:#fff; color:#fff\" target=\"_blank\"><span class=\"shariff-icon\" style=\"\"><svg width=\"32px\" height=\"20px\" xmlns=\"http:\/\/www.w3.org\/2000\/svg\" viewBox=\"0 0 11 32\"><path fill=\"#999\" d=\"M11.4 24v2.3q0 0.5-0.3 0.8t-0.8 0.4h-9.1q-0.5 0-0.8-0.4t-0.4-0.8v-2.3q0-0.5 0.4-0.8t0.8-0.4h1.1v-6.8h-1.1q-0.5 0-0.8-0.4t-0.4-0.8v-2.3q0-0.5 0.4-0.8t0.8-0.4h6.8q0.5 0 0.8 0.4t0.4 0.8v10.3h1.1q0.5 0 0.8 0.4t0.3 0.8zM9.2 3.4v3.4q0 0.5-0.4 0.8t-0.8 0.4h-4.6q-0.4 0-0.8-0.4t-0.4-0.8v-3.4q0-0.4 0.4-0.8t0.8-0.4h4.6q0.5 0 0.8 0.4t0.4 0.8z\"\/><\/svg><\/span><\/a><\/li><\/ul><\/div>\n","protected":false},"excerpt":{"rendered":"<p>In der gestrigen Limmatwelle sind einige Leserbriefe zu meiner Kandidatur ver\u00f6ffentlicht worden &#8211; vielen Dank den Verfassern f\u00fcr die positiven Worte &#8211; welche selbstverst\u00e4ndlich ohne mein Zutun geschrieben wurden &#8211; und die Unterst\u00fctzung. Falls Sie die Limmatwelle nicht gelesen haben, m\u00f6chte ich Ihnen diese nicht vorenthalten. Mit der Kandidatur von Adrian Mayr als neues Gemeinderatsmitglied [&hellip;]<\/p>\n","protected":false},"author":1,"featured_media":0,"parent":0,"menu_order":0,"comment_status":"open","ping_status":"closed","template":"","meta":{"footnotes":""},"class_list":["post-870","page","type-page","status-publish","hentry"],"_links":{"self":[{"href":"https:\/\/adrianmayr.ch\/index.php?rest_route=\/wp\/v2\/pages\/870","targetHints":{"allow":["GET"]}}],"collection":[{"href":"https:\/\/adrianmayr.ch\/index.php?rest_route=\/wp\/v2\/pages"}],"about":[{"href":"https:\/\/adrianmayr.ch\/index.php?rest_route=\/wp\/v2\/types\/page"}],"author":[{"embeddable":true,"href":"https:\/\/adrianmayr.ch\/index.php?rest_route=\/wp\/v2\/users\/1"}],"replies":[{"embeddable":true,"href":"https:\/\/adrianmayr.ch\/index.php?rest_route=%2Fwp%2Fv2%2Fcomments&post=870"}],"version-history":[{"count":3,"href":"https:\/\/adrianmayr.ch\/index.php?rest_route=\/wp\/v2\/pages\/870\/revisions"}],"predecessor-version":[{"id":1136,"href":"https:\/\/adrianmayr.ch\/index.php?rest_route=\/wp\/v2\/pages\/870\/revisions\/1136"}],"wp:attachment":[{"href":"https:\/\/adrianmayr.ch\/index.php?rest_route=%2Fwp%2Fv2%2Fmedia&parent=870"}],"curies":[{"name":"wp","href":"https:\/\/api.w.org\/{rel}","templated":true}]}}