{"id":854,"date":"2021-03-05T00:01:00","date_gmt":"2021-03-04T23:01:00","guid":{"rendered":"https:\/\/adrianmayr.ch\/?page_id=854"},"modified":"2021-03-18T09:39:22","modified_gmt":"2021-03-18T08:39:22","slug":"5-maerz","status":"publish","type":"page","link":"https:\/\/adrianmayr.ch\/?page_id=854","title":{"rendered":"5. M\u00e4rz &#8211; Kandidatenportr\u00e4t in der Limmatwelle"},"content":{"rendered":"\n<p>Falls Sie die Kandidatenportr\u00e4ts in der Limmatwelle vom 4.3.2021 (<a href=\"https:\/\/issuu.com\/az-anzeiger\/docs\/20210304_woz_liwanz?mode=embed&#038;layout=white\" data-type=\"URL\" data-id=\"https:\/\/issuu.com\/az-anzeiger\/docs\/20210304_woz_liwanz?mode=embed&#038;layout=white\">Link<\/a>) noch nicht gesehen haben: hier ist nochmals meine Vorstellung. <\/p>\n\n\n\n<figure class=\"wp-block-table is-style-stripes\"><table class=\"has-subtle-pale-blue-background-color has-fixed-layout has-background\"><tbody><tr><td>Nennen Sie in einem Satz Ihre politische Einstellung.<\/td><td>Ich positioniere mich in der politischen Mitte, wobei ich bei Finanz- und Sozialthemen eher mitte-rechts und bei Umwelt- und Migrationsthemen eher mitte-links eingestellt bin. In gesellschaftlichen Fragen habe ich eine liberale Einstellung \u2013 basierend auf gr\u00f6sstm\u00f6glicher individueller<br>Freiheit und Selbstverantwortung.<br>Nachhaltigkeit sowie ein haush\u00e4lterischer Umgang mit<br>nat\u00fcrlichen wie auch finanziellen<br>Ressourcen sind mir wichtige Anliegen.<\/td><\/tr><tr><td>Wie m\u00f6chten Sie die Aussenwahr-nehmung von Spreitenbach verbessern?<\/td><td>\u00abTue Gutes und sprich dar\u00fcber\u00bb:<br>Dies ist mein Motto, um das Image<br>von Spreitenbach zu verbessern. Ich bin \u00fcberzeugt, dass es in Spreitenbach ganz viel Positives gibt, dies aber ausserhalb der Gemeindegrenzen nicht registriert wird \u2013 daf\u00fcr wird auf negative Ereignisse fokussiert.<br>Um dem entgegenzuwirken,<br>will ich einen guten Kontakt zu den<br>Medien etablieren und aktiv positive Storys lancieren, welche das Gute und die spannende Vielfalt Spreitenbachs betonen.<\/td><\/tr><tr><td>Was w\u00e4re als Gemeinderat Ihr gr\u00f6sstes Anliegen?<\/td><td>Nach den Wirren der j\u00fcngeren Vergangenheit braucht Spreitenbach einen Gemeinderat, welcher vermehrt strategisch t\u00e4tig ist und die Zukunft der Gemeinde aktiv gestaltet.<br>Hier will ich mitarbeiten und<br>Akzente setzen. Ein weiteres wichtiges Thema ist die Beziehung zwischen Schule und Gemeinde nach dem Wegfall der Schulpflege. Intern gilt es, die neue Stelle des Verwaltungsleiters gut zu etablieren, sodass der Gemeinderat vermehrt strategisch t\u00e4tig sein kann.<\/td><\/tr><tr><td>Was hebt Sie von den anderen Kandidaten ab?<\/td><td>Meine Ausbildung und Berufserfahrung: Als Ingenieur habe ich gute analytische F\u00e4higkeiten und setze diese im Berufsalltag ein, um f\u00fcr komplexe Problemstellungen L\u00f6sungen<br>zu erarbeiten und umzusetzen.<br>Meine Art: Ich bin umg\u00e4nglich,<br>sachlich, l\u00f6sungsorientiert und<br>habe eine \u00fcberlegte und unaufgeregte Herangehensweise bei neuen Themen.<br>Meine F\u00fchrungserfahrung als<br>langj\u00e4hriges Kadermitglied einer<br>international t\u00e4tigen Aargauer Firma mit 1800 Mitarbeitern.<\/td><\/tr><tr><td>Wie sieht Ihre Finanzpolitik aus: sparen oder investieren?<\/td><td>Ich unterscheide zwischen Investitionen und Ausgaben. Die Gemeinde muss investieren, um zukunftsf\u00e4hig zu sein \u2013 dort d\u00fcrfen wir uns nicht zu Tode sparen, aber auch keine Luxusinvestitionen t\u00e4tigen.<br>Bei den beeinflussbaren Ausgaben<br>ist mir wichtig, dass die Steuer-franken der Spreitenbacherinnen und Spreitenbacher haush\u00e4lterisch eingesetzt werden \u2013 da werde ich<br>durchaus kritisch hinschauen, wo<br>das Geld ausgegeben wird.<\/td><\/tr><tr><td>Wo sehen Sie die Chancen und Risiken der multikulturellen Bev\u00f6lkerung von Spreitenbach?<\/td><td>F\u00fcr mich sind die Vielfalt und das<br>multikulturelle Umfeld ein Plus<br>Spreitenbachs \u2013 ohne die damit verbundenen Herausforderungen zu negieren. Ich unterst\u00fctze alles, was zu einer besseren Integration f\u00fchrt und das \u00abMiteinanderleben\u00bb statt das \u00abNebeneinanderleben\u00bb in Spreitenbach f\u00f6rdert. Stichworte dazu sind: fr\u00fche F\u00f6rderung der Sprachkompetenz bei Kindern, gute Rahmenbedingungen in Kindergarten und Schule sowie ein aktives Dorfleben, an dem sich alle beteiligen k\u00f6nnen<\/td><\/tr><tr><td>Wie stehen Sie zum Wachstum von<br>Spreitenbach als Agglomerations-gemeinde im Limmattal?<\/td><td>Die Lage, die gute Verkehrs-anbindung und die Limmattalbahn \u2013 der Wachstumsdruck in Spreitenbach wird bleiben. F\u00fcr mich war in den letzten Jahren der Fokus aber zu stark auf quantitativem Wachstum.<br>Ich m\u00f6chte bei zuk\u00fcnftigem Wachstum mehr die Aspekte der Qualit\u00e4t und Nachhaltigkeit ber\u00fccksichtigen sowie immer auch die Frage stellen, was die Spreitenbacher Bev\u00f6lkerung<br>vom Wachstum hat. Keine Wohnsilos, sondern Orte zum Leben \u2013 das soll Spreitenbach in Zukunft sein.<\/td><\/tr><\/tbody><\/table><\/figure>\n\n\n<div class=\"shariff shariff-align-flex-start shariff-widget-align-flex-start\"><ul class=\"shariff-buttons theme-round orientation-horizontal buttonsize-medium\"><li class=\"shariff-button mastodon shariff-nocustomcolor\" style=\"background-color:#563ACC\"><a href=\"https:\/\/s2f.kytta.dev\/?text=5.%20M%C3%A4rz%20%E2%80%93%20Kandidatenportr%C3%A4t%20in%20der%20Limmatwelle https%3A%2F%2Fadrianmayr.ch%2F%3Fpage_id%3D854\" title=\"Bei Mastodon teilen\" aria-label=\"Bei Mastodon teilen\" role=\"button\" rel=\"noopener nofollow\" class=\"shariff-link\" style=\"; background-color:#6364FF; color:#fff\" target=\"_blank\"><span class=\"shariff-icon\" style=\"\"><svg width=\"75\" height=\"79\" viewBox=\"0 0 75 79\" fill=\"none\" xmlns=\"http:\/\/www.w3.org\/2000\/svg\"><path d=\"M37.813-.025C32.462-.058 27.114.13 21.79.598c-8.544.621-17.214 5.58-20.203 13.931C-1.12 23.318.408 32.622.465 41.65c.375 7.316.943 14.78 3.392 21.73 4.365 9.465 14.781 14.537 24.782 15.385 7.64.698 15.761-.213 22.517-4.026a54.1 54.1 0 0 0 .01-6.232c-6.855 1.316-14.101 2.609-21.049 1.074-3.883-.88-6.876-4.237-7.25-8.215-1.53-3.988 3.78-.43 5.584-.883 9.048 1.224 18.282.776 27.303-.462 7.044-.837 14.26-4.788 16.65-11.833 2.263-6.135 1.215-12.79 1.698-19.177.06-3.84.09-7.692-.262-11.52C72.596 7.844 63.223.981 53.834.684a219.453 219.453 0 0 0-16.022-.71zm11.294 12.882c5.5-.067 10.801 4.143 11.67 9.653.338 1.48.471 3 .471 4.515v21.088h-8.357c-.07-7.588.153-15.182-.131-22.765-.587-4.368-7.04-5.747-9.672-2.397-2.422 3.04-1.47 7.155-1.67 10.735v6.392h-8.307c-.146-4.996.359-10.045-.404-15.002-1.108-4.218-7.809-5.565-10.094-1.666-1.685 3.046-.712 6.634-.976 9.936v14.767h-8.354c.109-8.165-.238-16.344.215-24.5.674-5.346 5.095-10.389 10.676-10.627 4.902-.739 10.103 2.038 12.053 6.631.375 1.435 1.76 1.932 1.994.084 1.844-3.704 5.501-6.739 9.785-6.771.367-.044.735-.068 1.101-.073z\"\/><defs><linearGradient id=\"paint0_linear_549_34\" x1=\"37.0692\" y1=\"0\" x2=\"37.0692\" y2=\"79\" gradientUnits=\"userSpaceOnUse\"><stop stop-color=\"#6364FF\"\/><stop offset=\"1\" stop-color=\"#563ACC\"\/><\/linearGradient><\/defs><\/svg><\/span><\/a><\/li><li class=\"shariff-button facebook shariff-nocustomcolor\" style=\"background-color:#4273c8\"><a href=\"https:\/\/www.facebook.com\/sharer\/sharer.php?u=https%3A%2F%2Fadrianmayr.ch%2F%3Fpage_id%3D854\" title=\"Bei Facebook teilen\" aria-label=\"Bei Facebook teilen\" role=\"button\" rel=\"nofollow\" class=\"shariff-link\" style=\"; background-color:#3b5998; color:#fff\" target=\"_blank\"><span class=\"shariff-icon\" style=\"\"><svg width=\"32px\" height=\"20px\" xmlns=\"http:\/\/www.w3.org\/2000\/svg\" viewBox=\"0 0 18 32\"><path fill=\"#3b5998\" d=\"M17.1 0.2v4.7h-2.8q-1.5 0-2.1 0.6t-0.5 1.9v3.4h5.2l-0.7 5.3h-4.5v13.6h-5.5v-13.6h-4.5v-5.3h4.5v-3.9q0-3.3 1.9-5.2t5-1.8q2.6 0 4.1 0.2z\"\/><\/svg><\/span><\/a><\/li><li class=\"shariff-button linkedin shariff-nocustomcolor\" style=\"background-color:#1488bf\"><a href=\"https:\/\/www.linkedin.com\/sharing\/share-offsite\/?url=https%3A%2F%2Fadrianmayr.ch%2F%3Fpage_id%3D854\" title=\"Bei LinkedIn teilen\" aria-label=\"Bei LinkedIn teilen\" role=\"button\" rel=\"noopener nofollow\" class=\"shariff-link\" style=\"; background-color:#0077b5; color:#fff\" target=\"_blank\"><span class=\"shariff-icon\" style=\"\"><svg width=\"32px\" height=\"20px\" xmlns=\"http:\/\/www.w3.org\/2000\/svg\" viewBox=\"0 0 27 32\"><path fill=\"#0077b5\" d=\"M6.2 11.2v17.7h-5.9v-17.7h5.9zM6.6 5.7q0 1.3-0.9 2.2t-2.4 0.9h0q-1.5 0-2.4-0.9t-0.9-2.2 0.9-2.2 2.4-0.9 2.4 0.9 0.9 2.2zM27.4 18.7v10.1h-5.9v-9.5q0-1.9-0.7-2.9t-2.3-1.1q-1.1 0-1.9 0.6t-1.2 1.5q-0.2 0.5-0.2 1.4v9.9h-5.9q0-7.1 0-11.6t0-5.3l0-0.9h5.9v2.6h0q0.4-0.6 0.7-1t1-0.9 1.6-0.8 2-0.3q3 0 4.9 2t1.9 6z\"\/><\/svg><\/span><\/a><\/li><li class=\"shariff-button info shariff-nocustomcolor\" style=\"background-color:#eee\"><a href=\"http:\/\/ct.de\/-2467514\" title=\"Weitere Informationen\" aria-label=\"Weitere Informationen\" role=\"button\" rel=\"noopener \" class=\"shariff-link\" style=\"; background-color:#fff; color:#fff\" target=\"_blank\"><span class=\"shariff-icon\" style=\"\"><svg width=\"32px\" height=\"20px\" xmlns=\"http:\/\/www.w3.org\/2000\/svg\" viewBox=\"0 0 11 32\"><path fill=\"#999\" d=\"M11.4 24v2.3q0 0.5-0.3 0.8t-0.8 0.4h-9.1q-0.5 0-0.8-0.4t-0.4-0.8v-2.3q0-0.5 0.4-0.8t0.8-0.4h1.1v-6.8h-1.1q-0.5 0-0.8-0.4t-0.4-0.8v-2.3q0-0.5 0.4-0.8t0.8-0.4h6.8q0.5 0 0.8 0.4t0.4 0.8v10.3h1.1q0.5 0 0.8 0.4t0.3 0.8zM9.2 3.4v3.4q0 0.5-0.4 0.8t-0.8 0.4h-4.6q-0.4 0-0.8-0.4t-0.4-0.8v-3.4q0-0.4 0.4-0.8t0.8-0.4h4.6q0.5 0 0.8 0.4t0.4 0.8z\"\/><\/svg><\/span><\/a><\/li><\/ul><\/div>\n","protected":false},"excerpt":{"rendered":"<p>Falls Sie die Kandidatenportr\u00e4ts in der Limmatwelle vom 4.3.2021 (Link) noch nicht gesehen haben: hier ist nochmals meine Vorstellung. Nennen Sie in einem Satz Ihre politische Einstellung. Ich positioniere mich in der politischen Mitte, wobei ich bei Finanz- und Sozialthemen eher mitte-rechts und bei Umwelt- und Migrationsthemen eher mitte-links eingestellt bin. In gesellschaftlichen Fragen habe [&hellip;]<\/p>\n","protected":false},"author":1,"featured_media":0,"parent":0,"menu_order":0,"comment_status":"closed","ping_status":"closed","template":"","meta":{"footnotes":""},"class_list":["post-854","page","type-page","status-publish","hentry"],"_links":{"self":[{"href":"https:\/\/adrianmayr.ch\/index.php?rest_route=\/wp\/v2\/pages\/854","targetHints":{"allow":["GET"]}}],"collection":[{"href":"https:\/\/adrianmayr.ch\/index.php?rest_route=\/wp\/v2\/pages"}],"about":[{"href":"https:\/\/adrianmayr.ch\/index.php?rest_route=\/wp\/v2\/types\/page"}],"author":[{"embeddable":true,"href":"https:\/\/adrianmayr.ch\/index.php?rest_route=\/wp\/v2\/users\/1"}],"replies":[{"embeddable":true,"href":"https:\/\/adrianmayr.ch\/index.php?rest_route=%2Fwp%2Fv2%2Fcomments&post=854"}],"version-history":[{"count":5,"href":"https:\/\/adrianmayr.ch\/index.php?rest_route=\/wp\/v2\/pages\/854\/revisions"}],"predecessor-version":[{"id":1130,"href":"https:\/\/adrianmayr.ch\/index.php?rest_route=\/wp\/v2\/pages\/854\/revisions\/1130"}],"wp:attachment":[{"href":"https:\/\/adrianmayr.ch\/index.php?rest_route=%2Fwp%2Fv2%2Fmedia&parent=854"}],"curies":[{"name":"wp","href":"https:\/\/api.w.org\/{rel}","templated":true}]}}