{"id":61,"date":"2021-02-20T08:25:26","date_gmt":"2021-02-20T08:25:26","guid":{"rendered":"https:\/\/adrianmayr.ch\/wordpress\/?page_id=61"},"modified":"2021-02-21T07:51:23","modified_gmt":"2021-02-21T07:51:23","slug":"motivation","status":"publish","type":"page","link":"https:\/\/adrianmayr.ch\/?page_id=61","title":{"rendered":"Motivation"},"content":{"rendered":"\n<p>Was ist meine Motivation, f\u00fcr den Gemeinderat zu kandidieren?<\/p>\n\n\n\n<p>Es ist zum einen generell das Interesse am Gemeindegeschehen und der Reiz, auf lokaler Ebene mitgestalten zu k\u00f6nnen. Als begeisterter Segler m\u00f6chte ich gerne den Kurs der Gemeinde mitbestimmen und engagiert dazu beitragen, dass Spreitenbach auch f\u00fcr zuk\u00fcnftige Generationen ein lebenswerter und attraktiver Ort bleibt.<\/p>\n\n\n\n<p>Ich kandidiere als Parteiloser, weil ich mit keiner Partei eine ausreichend grosse Schnittmenge f\u00fcr eine Mitgliedschaft sehe und f\u00fcr mich vor allem auf Gemeindeebene Sachpolitik vor Parteipolitik stehen sollte. Ich sehe mich in der politischen Mitte positioniert, wobei ich bei Gesellschafts- sowie Umweltfragen eher etwas progressivere Ansichten vertrete. Nachhaltigkeit sowie ein haush\u00e4lterischer Umgang mit finanziellen und nat\u00fcrlichen Ressourcen sind mir wichtige Anliegen, welche ich gerne im Gemeinderat einbringen m\u00f6chte. Bei Entscheiden m\u00f6chte ich nicht nur die unmittelbaren Konsequenzen bedenken, sondern bei der Entscheidungsfindung immer auch ber\u00fccksichtigen, welche Auswirkungen ein Entscheid auf meine zuk\u00fcnftigen Enkel h\u00e4tte &#8211; sofern sie denn in Spreitenbach aufwachsen w\u00fcrden. <\/p>\n\n\n\n<p>Wichtig ist mir auch, dass die Aussenwahrnehmung von Spreitenbach verbessert wird &#8211; hier hoffe ich, mit meinen Erfahrungen als Leiter Marketing gute Inputs geben zu k\u00f6nnen &#8211; und die Gemeinde ein &#8222;gesundes&#8220; und nachhaltiges Wachstum erlebt. <\/p>\n\n\n\n<p>Soviel f\u00fcr den Moment&#8230; auf einige Themen werde ich in der n\u00e4chsten Zeit in meinen Blog-Beitr\u00e4ge noch etwas ausf\u00fchrlicher eingehen. Bleibt dabei&#8230;<\/p>\n\n\n<button id=\"listenButton1\" class=\"responsivevoice-button\" type=\"button\" value=\"Play\" title=\"ResponsiveVoice Tap to Start\/Stop Speech\"><span>&#128266; Text Vorlesen<\/span><\/button>\n        <script>\n            listenButton1.onclick = function(){\n                if(responsiveVoice.isPlaying()){\n                    responsiveVoice.cancel();\n                }else{\n                    responsiveVoice.speak(\"Was ist meine Motivation, f\u00fcr den Gemeinderat zu kandidieren? Es ist zum einen generell das Interesse am Gemeindegeschehen und der Reiz, auf lokaler Ebene mitgestalten zu k\u00f6nnen. Als begeisterter Segler m\u00f6chte ich gerne den Kurs der Gemeinde mitbestimmen und engagiert dazu beitragen, dass Spreitenbach auch f\u00fcr zuk\u00fcnftige Generationen ein lebenswerter und attraktiver Ort bleibt. Ich kandidiere als Parteiloser, weil ich mit keiner Partei eine ausreichend grosse Schnittmenge f\u00fcr eine Mitgliedschaft sehe und f\u00fcr mich vor allem auf Gemeindeebene Sachpolitik vor Parteipolitik stehen sollte. Ich sehe mich in der politischen Mitte positioniert, wobei ich bei Gesellschafts- sowie Umweltfragen eher etwas progressivere Ansichten vertrete. Nachhaltigkeit sowie ein haush\u00e4lterischer Umgang mit finanziellen und nat\u00fcrlichen Ressourcen sind mir wichtige Anliegen, welche ich gerne im Gemeinderat einbringen m\u00f6chte. Bei Entscheiden m\u00f6chte ich nicht nur die unmittelbaren Konsequenzen bedenken, sondern bei der Entscheidungsfindung immer auch ber\u00fccksichtigen, welche Auswirkungen ein Entscheid auf meine zuk\u00fcnftigen Enkel h\u00e4tte - sofern sie denn in Spreitenbach aufwachsen w\u00fcrden. Wichtig ist mir auch, dass die Aussenwahrnehmung von Spreitenbach verbessert wird - hier hoffe ich, mit meinen Erfahrungen als Leiter Marketing gute Inputs geben zu k\u00f6nnen - und die Gemeinde ein \\\"gesundes\\\" und nachhaltiges Wachstum erlebt. Soviel f\u00fcr den Moment... auf einige Themen werde ich in der n\u00e4chsten Zeit in meinen Blog-Beitr\u00e4ge noch etwas ausf\u00fchrlicher eingehen. Bleibt dabei...\", \"Deutsch Male\");\n                }\n            };\n        <\/script>\n    \n","protected":false},"excerpt":{"rendered":"<p>Was ist meine Motivation, f\u00fcr den Gemeinderat zu kandidieren? Es ist zum einen generell das Interesse am Gemeindegeschehen und der Reiz, auf lokaler Ebene mitgestalten zu k\u00f6nnen. Als begeisterter Segler m\u00f6chte ich gerne den Kurs der Gemeinde mitbestimmen und engagiert dazu beitragen, dass Spreitenbach auch f\u00fcr zuk\u00fcnftige Generationen ein lebenswerter und attraktiver Ort bleibt. Ich [&hellip;]<\/p>\n","protected":false},"author":1,"featured_media":0,"parent":0,"menu_order":0,"comment_status":"closed","ping_status":"closed","template":"","meta":{"footnotes":""},"class_list":["post-61","page","type-page","status-publish","hentry"],"_links":{"self":[{"href":"https:\/\/adrianmayr.ch\/index.php?rest_route=\/wp\/v2\/pages\/61","targetHints":{"allow":["GET"]}}],"collection":[{"href":"https:\/\/adrianmayr.ch\/index.php?rest_route=\/wp\/v2\/pages"}],"about":[{"href":"https:\/\/adrianmayr.ch\/index.php?rest_route=\/wp\/v2\/types\/page"}],"author":[{"embeddable":true,"href":"https:\/\/adrianmayr.ch\/index.php?rest_route=\/wp\/v2\/users\/1"}],"replies":[{"embeddable":true,"href":"https:\/\/adrianmayr.ch\/index.php?rest_route=%2Fwp%2Fv2%2Fcomments&post=61"}],"version-history":[{"count":4,"href":"https:\/\/adrianmayr.ch\/index.php?rest_route=\/wp\/v2\/pages\/61\/revisions"}],"predecessor-version":[{"id":658,"href":"https:\/\/adrianmayr.ch\/index.php?rest_route=\/wp\/v2\/pages\/61\/revisions\/658"}],"wp:attachment":[{"href":"https:\/\/adrianmayr.ch\/index.php?rest_route=%2Fwp%2Fv2%2Fmedia&parent=61"}],"curies":[{"name":"wp","href":"https:\/\/api.w.org\/{rel}","templated":true}]}}