{"id":46,"date":"2021-02-19T21:24:53","date_gmt":"2021-02-19T21:24:53","guid":{"rendered":"https:\/\/adrianmayr.ch\/wordpress\/?page_id=46"},"modified":"2025-08-30T12:43:45","modified_gmt":"2025-08-30T11:43:45","slug":"wahlkalender","status":"publish","type":"page","link":"https:\/\/adrianmayr.ch\/?page_id=46","title":{"rendered":"Wahlkalender"},"content":{"rendered":"\n<p>Ab dem 1. M\u00e4rz bis zum Wahltag vom 28. M\u00e4rz 2021 gab es hier &#8211; wie bei einem Adventskalender &#8211; jeden Tag etwas Neues zu entdecken.<\/p>\n\n\n\n<p>Im Wahlkalender sind zahlreiche Beitr\u00e4ge zu meinen Vorstellungen und Ideen erschienen. Obschon die Ersatzwahl in den Gemeinderat vorbei ist, sind weiterhin alle Posts zug\u00e4nglich &#8211; st\u00f6bern Sie doch einfach etwas in den bereits ver\u00f6ffentlichten Beitr\u00e4gen!<\/p>\n\n\n\n<table id=\"tablepress-1\" class=\"tablepress tablepress-id-1\">\n<tbody>\n<tr class=\"row-1\">\n\t<td class=\"column-1\"><a href=\"https:\/\/adrianmayr.ch\/?page_id=846\"><img loading=\"lazy\" decoding=\"async\" src=\"https:\/\/adrianmayr.ch\/wordpress\/wp-content\/uploads\/2021\/03\/1.png\" alt=\"\" width=\"50\" height=\"50\" class=\"alignnone size-full wp-image-804\" \/><br \/>\n<\/a><\/td><td class=\"column-2\"><a href=\"https:\/\/adrianmayr.ch\/?page_id=848\"><img loading=\"lazy\" decoding=\"async\" src=\"https:\/\/adrianmayr.ch\/wordpress\/wp-content\/uploads\/2021\/03\/2.png\" alt=\"\" width=\"50\" height=\"50\" class=\"alignnone size-full wp-image-804\" \/><br \/>\n<\/a><\/td><td class=\"column-3\"><a href=\"https:\/\/adrianmayr.ch\/?page_id=850\"><img loading=\"lazy\" decoding=\"async\" src=\"https:\/\/adrianmayr.ch\/wordpress\/wp-content\/uploads\/2021\/03\/3.png\" alt=\"\" width=\"50\" height=\"50\" class=\"alignnone size-full wp-image-804\" \/><br \/>\n<\/a><\/td><td class=\"column-4\"><a href=\"https:\/\/adrianmayr.ch\/?page_id=852\"><img loading=\"lazy\" decoding=\"async\" src=\"https:\/\/adrianmayr.ch\/wordpress\/wp-content\/uploads\/2021\/03\/4.png\" alt=\"\" width=\"50\" height=\"50\" class=\"alignnone size-full wp-image-804\" \/><br \/>\n<\/a><\/td><td class=\"column-5\"><a href=\"https:\/\/adrianmayr.ch\/?page_id=854\"><img loading=\"lazy\" decoding=\"async\" src=\"https:\/\/adrianmayr.ch\/wordpress\/wp-content\/uploads\/2021\/03\/5.png\" alt=\"\" width=\"50\" height=\"50\" class=\"alignnone size-full wp-image-804\" \/><br \/>\n<\/a><\/td><td class=\"column-6\"><a href=\"https:\/\/adrianmayr.ch\/?page_id=856\"><img loading=\"lazy\" decoding=\"async\" src=\"https:\/\/adrianmayr.ch\/wordpress\/wp-content\/uploads\/2021\/03\/6.png\" alt=\"\" width=\"50\" height=\"50\" class=\"alignnone size-full wp-image-804\" \/><br \/>\n<\/a><\/td><td class=\"column-7\"><a href=\"https:\/\/adrianmayr.ch\/?page_id=858\"><img loading=\"lazy\" decoding=\"async\" src=\"https:\/\/adrianmayr.ch\/wordpress\/wp-content\/uploads\/2021\/03\/7.png\" alt=\"\" width=\"50\" height=\"50\" class=\"alignnone size-full wp-image-804\" \/><br \/>\n<\/a><\/td>\n<\/tr>\n<tr class=\"row-2\">\n\t<td class=\"column-1\"><a href=\"https:\/\/adrianmayr.ch\/?page_id=860\"><img loading=\"lazy\" decoding=\"async\" src=\"https:\/\/adrianmayr.ch\/wordpress\/wp-content\/uploads\/2021\/03\/8.png\" alt=\"\" width=\"50\" height=\"50\" class=\"alignnone size-full wp-image-804\" \/><br \/>\n<\/a><\/td><td class=\"column-2\"><a href=\"https:\/\/adrianmayr.ch\/?page_id=862\"><img loading=\"lazy\" decoding=\"async\" src=\"https:\/\/adrianmayr.ch\/wordpress\/wp-content\/uploads\/2021\/03\/9.png\" alt=\"\" width=\"50\" height=\"50\" class=\"alignnone size-full wp-image-804\" \/><br \/>\n<\/a><\/td><td class=\"column-3\"><a href=\"https:\/\/adrianmayr.ch\/?page_id=864\"><img loading=\"lazy\" decoding=\"async\" src=\"https:\/\/adrianmayr.ch\/wordpress\/wp-content\/uploads\/2021\/03\/10.png\" alt=\"\" width=\"50\" height=\"50\" class=\"alignnone size-full wp-image-804\" \/><br \/>\n<\/a><\/td><td class=\"column-4\"><a href=\"https:\/\/adrianmayr.ch\/?page_id=866\"><img loading=\"lazy\" decoding=\"async\" src=\"https:\/\/adrianmayr.ch\/wordpress\/wp-content\/uploads\/2021\/03\/11.png\" alt=\"\" width=\"50\" height=\"50\" class=\"alignnone size-full wp-image-804\" \/><br \/>\n<\/a><\/td><td class=\"column-5\"><a href=\"https:\/\/adrianmayr.ch\/?page_id=868\"><img loading=\"lazy\" decoding=\"async\" src=\"https:\/\/adrianmayr.ch\/wordpress\/wp-content\/uploads\/2021\/03\/12.png\" alt=\"\" width=\"50\" height=\"50\" class=\"alignnone size-full wp-image-804\" \/><br \/>\n<\/a><\/td><td class=\"column-6\"><a href=\"https:\/\/adrianmayr.ch\/?page_id=870\"><img loading=\"lazy\" decoding=\"async\" src=\"https:\/\/adrianmayr.ch\/wordpress\/wp-content\/uploads\/2021\/03\/13.png\" alt=\"\" width=\"50\" height=\"50\" class=\"alignnone size-full wp-image-804\" \/><br \/>\n<\/a><\/td><td class=\"column-7\"><a href=\"https:\/\/adrianmayr.ch\/?page_id=872\"><img loading=\"lazy\" decoding=\"async\" src=\"https:\/\/adrianmayr.ch\/wordpress\/wp-content\/uploads\/2021\/03\/14.png\" alt=\"\" width=\"50\" height=\"50\" class=\"alignnone size-full wp-image-804\" \/><br \/>\n<\/a><\/td>\n<\/tr>\n<tr class=\"row-3\">\n\t<td class=\"column-1\"><a href=\"https:\/\/adrianmayr.ch\/?page_id=874\"><img loading=\"lazy\" decoding=\"async\" src=\"https:\/\/adrianmayr.ch\/wordpress\/wp-content\/uploads\/2021\/03\/15.png\" alt=\"\" width=\"50\" height=\"50\" class=\"alignnone size-full wp-image-804\" \/><br \/>\n<\/a><\/td><td class=\"column-2\"><a href=\"https:\/\/adrianmayr.ch\/?page_id=876\"><img loading=\"lazy\" decoding=\"async\" src=\"https:\/\/adrianmayr.ch\/wordpress\/wp-content\/uploads\/2021\/03\/16.png\" alt=\"\" width=\"50\" height=\"50\" class=\"alignnone size-full wp-image-804\" \/><br \/>\n<\/a><\/td><td class=\"column-3\"><a href=\"https:\/\/adrianmayr.ch\/?page_id=878\"><img loading=\"lazy\" decoding=\"async\" src=\"https:\/\/adrianmayr.ch\/wordpress\/wp-content\/uploads\/2021\/03\/17.png\" alt=\"\" width=\"50\" height=\"50\" class=\"alignnone size-full wp-image-804\" \/><br \/>\n<\/a><\/td><td class=\"column-4\"><a href=\"https:\/\/adrianmayr.ch\/?page_id=880\"><img loading=\"lazy\" decoding=\"async\" src=\"https:\/\/adrianmayr.ch\/wordpress\/wp-content\/uploads\/2021\/03\/18.png\" alt=\"\" width=\"50\" height=\"50\" class=\"alignnone size-full wp-image-804\" \/><br \/>\n<\/a><\/td><td class=\"column-5\"><a href=\"https:\/\/adrianmayr.ch\/?page_id=882\"><img loading=\"lazy\" decoding=\"async\" src=\"https:\/\/adrianmayr.ch\/wordpress\/wp-content\/uploads\/2021\/03\/19.png\" alt=\"\" width=\"50\" height=\"50\" class=\"alignnone size-full wp-image-804\" \/><br \/>\n<\/a><\/td><td class=\"column-6\"><a href=\"https:\/\/adrianmayr.ch\/?page_id=884\"><img loading=\"lazy\" decoding=\"async\" src=\"https:\/\/adrianmayr.ch\/wordpress\/wp-content\/uploads\/2021\/03\/20.png\" alt=\"\" width=\"50\" height=\"50\" class=\"alignnone size-full wp-image-804\" \/><br \/>\n<\/a><\/td><td class=\"column-7\"><a href=\"https:\/\/adrianmayr.ch\/?page_id=886\"><img loading=\"lazy\" decoding=\"async\" src=\"https:\/\/adrianmayr.ch\/wordpress\/wp-content\/uploads\/2021\/03\/21.png\" alt=\"\" width=\"50\" height=\"50\" class=\"alignnone size-full wp-image-804\" \/><br \/>\n<\/a><\/td>\n<\/tr>\n<tr class=\"row-4\">\n\t<td class=\"column-1\"><a href=\"https:\/\/adrianmayr.ch\/?page_id=888\"><img loading=\"lazy\" decoding=\"async\" src=\"https:\/\/adrianmayr.ch\/wordpress\/wp-content\/uploads\/2021\/03\/22.png\" alt=\"\" width=\"50\" height=\"50\" class=\"alignnone size-full wp-image-804\" \/><br \/>\n<\/a><\/td><td class=\"column-2\"><a href=\"https:\/\/adrianmayr.ch\/?page_id=890\"><img loading=\"lazy\" decoding=\"async\" src=\"https:\/\/adrianmayr.ch\/wordpress\/wp-content\/uploads\/2021\/03\/23.png\" alt=\"\" width=\"50\" height=\"50\" class=\"alignnone size-full wp-image-804\" \/><br \/>\n<\/a><\/td><td class=\"column-3\"><a href=\"https:\/\/adrianmayr.ch\/?page_id=892\"><img loading=\"lazy\" decoding=\"async\" src=\"https:\/\/adrianmayr.ch\/wordpress\/wp-content\/uploads\/2021\/03\/24.png\" alt=\"\" width=\"50\" height=\"50\" class=\"alignnone size-full wp-image-804\" \/><br \/>\n<\/a><\/td><td class=\"column-4\"><a href=\"https:\/\/adrianmayr.ch\/?page_id=896\"><img loading=\"lazy\" decoding=\"async\" src=\"https:\/\/adrianmayr.ch\/wordpress\/wp-content\/uploads\/2021\/03\/25.png\" alt=\"\" width=\"50\" height=\"50\" class=\"alignnone size-full wp-image-804\" \/><br \/>\n<\/a><\/td><td class=\"column-5\"><a href=\"https:\/\/adrianmayr.ch\/?page_id=898\"><img loading=\"lazy\" decoding=\"async\" src=\"https:\/\/adrianmayr.ch\/wordpress\/wp-content\/uploads\/2021\/03\/26.png\" alt=\"\" width=\"50\" height=\"50\" class=\"alignnone size-full wp-image-804\" \/><br \/>\n<\/a><\/td><td class=\"column-6\"><a href=\"https:\/\/adrianmayr.ch\/?page_id=900\"><img loading=\"lazy\" decoding=\"async\" src=\"https:\/\/adrianmayr.ch\/wordpress\/wp-content\/uploads\/2021\/03\/27.png\" alt=\"\" width=\"50\" height=\"50\" class=\"alignnone size-full wp-image-804\" \/><br \/>\n<\/a><\/td><td class=\"column-7\"><a href=\"https:\/\/adrianmayr.ch\/?page_id=902\"><img loading=\"lazy\" decoding=\"async\" src=\"https:\/\/adrianmayr.ch\/wordpress\/wp-content\/uploads\/2021\/03\/28.png\" alt=\"\" width=\"50\" height=\"50\" class=\"alignnone size-full wp-image-804\" \/><br \/>\n<\/a><\/td>\n<\/tr>\n<\/tbody>\n<\/table>\n<!-- #tablepress-1 from cache -->\n\n\n\n<p><\/p>\n","protected":false},"excerpt":{"rendered":"<p>Ab dem 1. M\u00e4rz bis zum Wahltag vom 28. M\u00e4rz 2021 gab es hier &#8211; wie bei einem Adventskalender &#8211; jeden Tag etwas Neues zu entdecken. Im Wahlkalender sind zahlreiche Beitr\u00e4ge zu meinen Vorstellungen und Ideen erschienen. Obschon die Ersatzwahl in den Gemeinderat vorbei ist, sind weiterhin alle Posts zug\u00e4nglich &#8211; st\u00f6bern Sie doch einfach [&hellip;]<\/p>\n","protected":false},"author":1,"featured_media":0,"parent":0,"menu_order":0,"comment_status":"closed","ping_status":"closed","template":"","meta":{"footnotes":""},"class_list":["post-46","page","type-page","status-publish","hentry"],"_links":{"self":[{"href":"https:\/\/adrianmayr.ch\/index.php?rest_route=\/wp\/v2\/pages\/46","targetHints":{"allow":["GET"]}}],"collection":[{"href":"https:\/\/adrianmayr.ch\/index.php?rest_route=\/wp\/v2\/pages"}],"about":[{"href":"https:\/\/adrianmayr.ch\/index.php?rest_route=\/wp\/v2\/types\/page"}],"author":[{"embeddable":true,"href":"https:\/\/adrianmayr.ch\/index.php?rest_route=\/wp\/v2\/users\/1"}],"replies":[{"embeddable":true,"href":"https:\/\/adrianmayr.ch\/index.php?rest_route=%2Fwp%2Fv2%2Fcomments&post=46"}],"version-history":[{"count":12,"href":"https:\/\/adrianmayr.ch\/index.php?rest_route=\/wp\/v2\/pages\/46\/revisions"}],"predecessor-version":[{"id":1265,"href":"https:\/\/adrianmayr.ch\/index.php?rest_route=\/wp\/v2\/pages\/46\/revisions\/1265"}],"wp:attachment":[{"href":"https:\/\/adrianmayr.ch\/index.php?rest_route=%2Fwp%2Fv2%2Fmedia&parent=46"}],"curies":[{"name":"wp","href":"https:\/\/api.w.org\/{rel}","templated":true}]}}