{"id":1266,"date":"2025-09-04T20:34:23","date_gmt":"2025-09-04T19:34:23","guid":{"rendered":"https:\/\/adrianmayr.ch\/?page_id=1266"},"modified":"2025-09-05T06:29:32","modified_gmt":"2025-09-05T05:29:32","slug":"gesamterneuerungswahl-28-september-2025","status":"publish","type":"page","link":"https:\/\/adrianmayr.ch\/?page_id=1266","title":{"rendered":"Gesamterneuerungswahl 28. September 2025"},"content":{"rendered":"\n<p>Mit \u00dcberzeugung und Motivation trete ich als bisheriger Gemeinderat nochmals an f\u00fcr die Gesamterneuerungswahl vom  28. September 2025.<\/p>\n\n\n\n<p>Seit Mai 2021 bin ich nun als Gemeinderat im Amt und die T\u00e4tigkeit erf\u00fcllt mich mit viel Freude und Befriedigung. Es ist spannend, sich mit all den vielen Themen auf Gemeindeebene zu befassen und die weitere Entwicklung von Spreitenbach mitgestalten zu d\u00fcrfen.<\/p>\n\n\n\n<h2 class=\"wp-block-heading\">R\u00fcckblick &#8230;<\/h2>\n\n\n\n<p>In meiner bisherigen Zeit im Gemeinderat konnten wir im Gremium zahlreiche Projekte anstossen und umsetzen. Um nur einige Beispiele zu nennen: <\/p>\n\n\n\n<ul class=\"wp-block-list\">\n<li>Der Gemeinderat erarbeitete ein neues <a href=\"https:\/\/www.spreitenbach.ch\/fileadmin\/00_website\/06_Politik\/Leitbild\/202308_Leitbild_2023.pdf\" data-type=\"link\" data-id=\"https:\/\/www.spreitenbach.ch\/fileadmin\/00_website\/06_Politik\/Leitbild\/202308_Leitbild_2023.pdf\">Leitbild<\/a>, welches eine wichtige Grundlage f\u00fcr die strategische Ausrichtung ist und die Stossrichtung f\u00fcr die kommenden Jahre vorgibt.<\/li>\n\n\n\n<li>Einf\u00fchrung des neuen Mottos &#8222;Gemeinsam voraus&#8220;. Damit betonen wir das Ziel einer transparenten, offenen Kommunikation sowie des &#8222;Miteinanders&#8220; von Einwohnern, Beh\u00f6rden und Verwaltung.<\/li>\n\n\n\n<li>Einf\u00fchrung Verwaltungsleiter und Reorganisation der Verwaltung mit dem Ziel, effizient und b\u00fcrgernah zu agieren. In diesem Zusammenhang hat der Gemeinderat auch vermehrt Kompetenzen an die Verwaltung delegiert, so dass er sich verst\u00e4rkt auf die strategischen Themen fokussieren kann.<\/li>\n\n\n\n<li>Neugestaltung Spielpl\u00e4tze Kreuzplatz und Ziegelei. Der Spielplatz Lang\u00e4cker wird n\u00e4chstes Jahr modernisiert.<\/li>\n\n\n\n<li>Umsetzung Tempo 30 im Dorfbereich.<\/li>\n\n\n\n<li>Baubeginn Schulhaus Althau resp. Umbau altes Gemeindehaus in Schulhaus.<\/li>\n\n\n\n<li>Dorffest 2024 &#8211; f\u00fcr alle Beteiligten ein unvergesslicher Anlass, an welchem sich Spreitenbach von seiner besten Seite zeigte.<\/li>\n<\/ul>\n\n\n\n<p>Im &#8222;meinem&#8220; Ressort Soziales &#8211; per 2025 erweitert zu &#8222;Gesellschaft und Soziales&#8220; besch\u00e4ftigten mich prim\u00e4r die folgenden Themen<\/p>\n\n\n\n<ul class=\"wp-block-list\">\n<li>Reorganisation der Abteilung Soziale Dienste. Nach einem Leitungswechsel und einer K\u00fcndigungswelle 2021 \/ 2022 musste die Abteilung neu organisiert werden. Inzwischen ist die Abteilung stabil und professionell aufgestellt, was sich auch in der sinkenden Sozialhilfequote niederschl\u00e4gt, welche von 5,1% in 2018 und 3,1% in 2020 auf noch 2,0% in 2023 zur\u00fcckging.<\/li>\n\n\n\n<li>Integration der Jugendarbeit und Schulsozialarbeit in die Abteilung &#8222;Gesellschaft und Soziales&#8220;, welche vorher bei der Schule angesiedelt waren.<\/li>\n\n\n\n<li>Im Asylwesen besch\u00e4ftigen weiterhin die Auswirkungen des Ukraine-Krieges und damit verbunden der Umgang mit den anhaltend hohen Zahlen von Asylbewerbern, die Suche nach geeigneten Unterk\u00fcnften und die Integration der Asylsuchenden.<\/li>\n\n\n\n<li>Start des Projektes &#8222;Chance Spreiti &#8211; Initiative f\u00fcr ein gesundes Aufwachsen&#8220;. Dieses Projekt verfolgt das Ziel, dass jedes Kind in Spreitenbach unabh\u00e4ngig von Elternhaus und Herkunft gleichwertige Chancen hat.<\/li>\n<\/ul>\n\n\n\n<h2 class=\"wp-block-heading\">&#8230; und Ausblick<\/h2>\n\n\n\n<p>F\u00fcr mich stehen weiterhin die Themen &#8222;Mitenander&#8220; und &#8222;Nachhaltigkeit&#8220; im Zentrum meiner T\u00e4tigkeit. Der geplante Stadtpark verbindet aus meiner Sicht beide Anliegen miteinander und steht daher weit oben auf meiner pers\u00f6nlichen Agenda. Er soll sowohl ein neuer Ort der Begegnung und des Mitenanders in Spreitenbach werden, aber auch als neuer Freiraum f\u00fcr die Bev\u00f6lkerung in Spreitenbach dienen. <\/p>\n\n\n\n<p>Als Ressortvorsteher Gesellschaft und Soziales m\u00f6chte ich Aktivit\u00e4ten entwickeln und f\u00f6rdern, welche das Miteinander in Spreitenbach f\u00f6rdern:<\/p>\n\n\n\n<ul class=\"wp-block-list\">\n<li>das Miteinander von jung und alt<\/li>\n\n\n\n<li>das Miteinander von Schweizern und Menschen mit ausl\u00e4ndischen Wurzeln<\/li>\n\n\n\n<li>das Miteinander von Neuzuz\u00fcgern und bestehenden Bewohnern<\/li>\n<\/ul>\n\n\n\n<p>Ein Herzensanliegen von mir ist die Weiterf\u00fchrung und Umsetzung des Projekts &#8222;Chance Spreiti&#8220; mit der Realisierung von Massnahmen, um die Situation von Kindern und Jugendlichen in Spreitenbach nachhaltig und konkret zu verbessern.<\/p>\n\n\n\n<p>Im Bereich Nachhaltigkeit ist es mir wichtig, dass Spreitenbach trotzdem Wachstumsdruck eine gr\u00fcne und lebenswerte Gemeinde bleibt. Ich unterst\u00fctze nachhaltige Technologien und Verhaltensweisen, will Sorge tragen zu den nat\u00fcrlichen Ressourcen und die verbleibenden Freir\u00e4ume pflegen und entwickeln.<\/p>\n\n\n\n<p>Weitere Themen, welche uns in den n\u00e4chsten 4 Jahren besch\u00e4ftigen werden::<\/p>\n\n\n\n<ul class=\"wp-block-list\">\n<li>Weitere Entwicklung und Optimierung der Organisation in der Verwaltung,.<\/li>\n\n\n\n<li>Umgang mit den knapper werdenden finanziellen Ressourcen. Aufgrund der grossen Investitionen in den letzten Jahren und den damit verbundenen Abschreibungen, der wegfallenden Aufwertungsreserve und des reduzierten Finanzausgleichs m\u00fcssen wir mit den Finanzen noch sorgf\u00e4ltiger umgehen und klare Priorit\u00e4ten setzen.<\/li>\n\n\n\n<li>Sicherheit, Vandalismus und Littering sind \u00e4rgerliche Themen, welche uns leider immer wieder besch\u00e4ftigen und wir werden kaum um zus\u00e4tzliche \u00dcberwachungsmassnahmen herumkommen.<\/li>\n<\/ul>\n\n\n\n<p>Ich danke Ihnen herzlich f\u00fcr Ihre Unterst\u00fctzung und verspreche, dass ich mich auch die n\u00e4chsten vier Jahre mit Elan f\u00fcr Spreitenbach einsetzen werde.<\/p>\n\n\n\n<p>Ihr <\/p>\n\n\n\n<figure class=\"wp-block-image size-full is-resized\"><img loading=\"lazy\" decoding=\"async\" width=\"804\" height=\"249\" src=\"https:\/\/adrianmayr.ch\/wordpress\/wp-content\/uploads\/2025\/08\/3.png\" alt=\"\" class=\"wp-image-1270\" style=\"width:306px;height:auto\" srcset=\"https:\/\/adrianmayr.ch\/wordpress\/wp-content\/uploads\/2025\/08\/3.png 804w, https:\/\/adrianmayr.ch\/wordpress\/wp-content\/uploads\/2025\/08\/3-300x93.png 300w, https:\/\/adrianmayr.ch\/wordpress\/wp-content\/uploads\/2025\/08\/3-768x238.png 768w\" sizes=\"auto, (max-width: 804px) 100vw, 804px\" \/><\/figure>\n","protected":false},"excerpt":{"rendered":"<p>Mit \u00dcberzeugung und Motivation trete ich als bisheriger Gemeinderat nochmals an f\u00fcr die Gesamterneuerungswahl vom 28. September 2025. Seit Mai 2021 bin ich nun als Gemeinderat im Amt und die T\u00e4tigkeit erf\u00fcllt mich mit viel Freude und Befriedigung. Es ist spannend, sich mit all den vielen Themen auf Gemeindeebene zu befassen und die weitere Entwicklung [&hellip;]<\/p>\n","protected":false},"author":1,"featured_media":0,"parent":0,"menu_order":0,"comment_status":"closed","ping_status":"closed","template":"","meta":{"footnotes":""},"class_list":["post-1266","page","type-page","status-publish","hentry"],"_links":{"self":[{"href":"https:\/\/adrianmayr.ch\/index.php?rest_route=\/wp\/v2\/pages\/1266","targetHints":{"allow":["GET"]}}],"collection":[{"href":"https:\/\/adrianmayr.ch\/index.php?rest_route=\/wp\/v2\/pages"}],"about":[{"href":"https:\/\/adrianmayr.ch\/index.php?rest_route=\/wp\/v2\/types\/page"}],"author":[{"embeddable":true,"href":"https:\/\/adrianmayr.ch\/index.php?rest_route=\/wp\/v2\/users\/1"}],"replies":[{"embeddable":true,"href":"https:\/\/adrianmayr.ch\/index.php?rest_route=%2Fwp%2Fv2%2Fcomments&post=1266"}],"version-history":[{"count":10,"href":"https:\/\/adrianmayr.ch\/index.php?rest_route=\/wp\/v2\/pages\/1266\/revisions"}],"predecessor-version":[{"id":1283,"href":"https:\/\/adrianmayr.ch\/index.php?rest_route=\/wp\/v2\/pages\/1266\/revisions\/1283"}],"wp:attachment":[{"href":"https:\/\/adrianmayr.ch\/index.php?rest_route=%2Fwp%2Fv2%2Fmedia&parent=1266"}],"curies":[{"name":"wp","href":"https:\/\/api.w.org\/{rel}","templated":true}]}}